{"id":2240,"date":"2021-01-08T18:10:01","date_gmt":"2021-01-08T17:10:01","guid":{"rendered":"https:\/\/binisrl.com\/case-studies\/"},"modified":"2021-03-24T10:26:15","modified_gmt":"2021-03-24T09:26:15","slug":"case-studies","status":"publish","type":"page","link":"https:\/\/binisrl.com\/de\/case-studies\/","title":{"rendered":"Case Studies"},"content":{"rendered":"<p>[vc_row full_height=&#8220;yes&#8220; parallax=&#8220;enable_parallax&#8220; enable_overlay=&#8220;yes&#8220; overlay_bg=&#8220;linear-gradient(62deg, rgb(39, 54, 83) 0%, rgba(105, 140, 157, 255) 66.56050955414013%, rgb(147, 194, 203) 99.68152866242038%)&#8220; css=&#8220;.vc_custom_1610125947073{background-image: url(https:\/\/binisrl.com\/wp-content\/uploads\/2021\/01\/bini_applicazioni_movimento_terra.jpg?id=1533) !important;background-position: center;background-repeat: no-repeat !important;background-size: cover !important;}&#8220;][vc_column][vc_row_inner][vc_column_inner width=&#8220;1\/2&#8243; enable_content_animation=&#8220;yes&#8220; animation_preset=&#8220;Fade In Up&#8220; ca_duration=&#8220;2000&#8243; ca_delay=&#8220;300&#8243;]<style>.ld_section_title_69e512c8de107 h1{color:rgba(255, 255, 255, 0.6);}<\/style><header class=\"fancy-title ld_section_title_69e512c8de107\">\n\t<h1>CASE STUDIES<\/h1>\t\t<\/header><style>.ld_section_title_69e512c8de472 h2{font-size:1.3vw;font-weight:200;color:rgb(255, 255, 255);}<\/style><header class=\"fancy-title ld_section_title_69e512c8de472\">\n\t<h2>Hier stellen wir Ihnen einige Beispiele spezieller L\u00f6sungen vor, die wir f\u00fcr unsere Kunden entwickelt und hergestellt haben.<\/h2>\t\t<\/header><style>.ld_spacer_69e512c8de64c{height:50px;}<\/style>\n<div class=\"ld-empty-space ld_spacer_69e512c8de64c\"><span class=\"liquid_empty_space_inner\"><\/span><\/div><style>.ld_button_69e512c8de900.btn-icon-solid .btn-icon{background:rgb(80, 128, 248);}.ld_button_69e512c8de900.btn-icon-circle.btn-icon-ripple .btn-icon:before{border-color:rgb(80, 128, 248);}.ld_button_69e512c8de900.btn-icon-solid:hover .btn-icon{background:rgb(255, 255, 255);}.ld_button_69e512c8de900 .btn-icon{color:rgb(255, 255, 255);}.ld_button_69e512c8de900:hover .btn-icon{color:rgb(80, 128, 248);}.ld_button_69e512c8de900{background-color:rgb(80, 128, 248);border-color:rgb(80, 128, 248);color:rgb(255, 255, 255);}.ld_button_69e512c8de900:hover{background-color:rgb(255, 255, 255);border-color:rgb(255, 255, 255);color:rgb(80, 128, 248);}.ld_button_69e512c8de900 .btn-gradient-bg-hover{background:-webkit-linear-gradient(to right, rgb(255, 255, 255) 0%, rgb(255, 255, 255) 100%);background:linear-gradient(to right, rgb(255, 255, 255) 0%, rgb(255, 255, 255) 100%);}.ld_button_69e512c8de900 .btn-gradient-border defs stop:first-child{stop-color:rgb(80, 128, 248);}.ld_button_69e512c8de900 .btn-gradient-border defs stop:last-child{stop-color:rgb(80, 128, 248);}.ld_button_69e512c8de900:hover .btn-gradient-border defs stop:first-child{stop-color:rgb(255, 255, 255);}.ld_button_69e512c8de900:hover .btn-gradient-border defs stop:last-child{stop-color:rgb(255, 255, 255);}<\/style><a href=\"#\" class=\"btn btn-solid text-uppercase round btn-bordered border-thin btn-icon-left pulsante-bini ld_button_69e512c8de900\" data-localscroll=\"true\" data-localscroll-options=\"{&quot;scrollBelowSection&quot;:true,&quot;scrollSpeed&quot;:&quot;4000&quot;}\">\n\t<span>\n\t\t\n\t\t\t\t\t<span class=\"btn-txt\">ERFAHREN SI MEHR \u00dcBER UNSERE SPEZIALL\u00d6SUNGEN<\/span>\n\t\t\t\n\t<span class=\"btn-icon\"><i class=\"icon-arrows_slim_down\"><\/i><\/span>\t\t\t<\/span>\n<\/a>\n[\/vc_column_inner][vc_column_inner width=&#8220;1\/2&#8243;][\/vc_column_inner][\/vc_row_inner][\/vc_column][\/vc_row][vc_row full_width=&#8220;stretch_row&#8220; gap=&#8220;0&#8243; equal_height=&#8220;yes&#8220; css_animation=&#8220;fadeIn&#8220;][vc_column width=&#8220;1\/3&#8243; css=&#8220;.vc_custom_1610362133635{background-image: url(https:\/\/binisrl.com\/wp-content\/uploads\/2021\/01\/bini_case-history_01.jpg?id=1546) !important;background-position: center !important;background-repeat: no-repeat !important;background-size: cover !important;}&#8220;][\/vc_column][vc_column width=&#8220;1\/3&#8243; enable_content_animation=&#8220;yes&#8220; animation_preset=&#8220;Fade In Up&#8220; css=&#8220;.vc_custom_1609167767720{padding-top: 36px !important;padding-right: 36px !important;padding-bottom: 36px !important;padding-left: 36px !important;background-color: #ffffff !important;}&#8220; ca_duration=&#8220;2000&#8243; ca_delay=&#8220;300&#8243;]<style>.ld_spacer_69e512c8debc3{height:100px;}<\/style>\n<div class=\"ld-empty-space ld_spacer_69e512c8debc3\"><span class=\"liquid_empty_space_inner\"><\/span><\/div><style>.ld_section_title_69e512c8deda7 h5{font-weight:600;color:rgb(80, 128, 248);margin-bottom:0px !important;;}<\/style><header class=\"fancy-title ld_section_title_69e512c8deda7\">\n\t<h5>KUNDENBED\u00dcRFNIS:<\/h5>\t\t<\/header><style>.ld_spacer_69e512c8def3c{height:10px;}<\/style>\n<div class=\"ld-empty-space ld_spacer_69e512c8def3c\"><span class=\"liquid_empty_space_inner\"><\/span><\/div>[vc_column_text]<strong>Eine kompakte hydraulisch-elektrische Drehdurchf\u00fchrung f\u00fcr eine neue Erdbewegungsmaschine mit Hybridantrieb.<\/strong><br \/>\n<span style=\"font-weight: 400;\">Gefragt war eine vielseitige L\u00f6sung f\u00fcr die \u00dcbertragung verschiedener Fluide und hoher Stromst\u00e4rken.<\/span>[\/vc_column_text]<style>.ld_spacer_69e512c8df094{height:20px;}<\/style>\n<div class=\"ld-empty-space ld_spacer_69e512c8df094\"><span class=\"liquid_empty_space_inner\"><\/span><\/div><style>.ld_section_title_69e512c8df231 h5{font-weight:600;color:rgb(80, 128, 248);margin-bottom:0px !important;;}<\/style><header class=\"fancy-title ld_section_title_69e512c8df231\">\n\t<h5>UNSERE L\u00d6SUNG:<\/h5>\t\t<\/header><style>.ld_spacer_69e512c8df3c1{height:10px;}<\/style>\n<div class=\"ld-empty-space ld_spacer_69e512c8df3c1\"><span class=\"liquid_empty_space_inner\"><\/span><\/div>[vc_column_text]<strong>Eine hydraulische Drehdurchf\u00fchrung mit mehreren getrennten Wegen f\u00fcr Hydraulik\u00f6l und Wasser gekoppelt mit einem HiPO-Schleifring mit Kontakten f\u00fcr hohe Stromst\u00e4rken und 1000 V-Spannung.<\/strong><br \/>\n<span style=\"font-weight: 400;\">Dieses Produkt bietet ein Maximum an Sicherheit und Zuverl\u00e4ssigkeit und hat einen geringen Wartungsbedarf.<\/span>[\/vc_column_text]<style>.ld_spacer_69e512c8df527{height:100px;}<\/style>\n<div class=\"ld-empty-space ld_spacer_69e512c8df527\"><span class=\"liquid_empty_space_inner\"><\/span><\/div>[\/vc_column][vc_column width=&#8220;1\/3&#8243; enable_content_animation=&#8220;yes&#8220; animation_preset=&#8220;Fade In Up&#8220; ca_duration=&#8220;2000&#8243; ca_delay=&#8220;300&#8243;][\/vc_column][\/vc_row][vc_row full_width=&#8220;stretch_row&#8220; gap=&#8220;0&#8243; equal_height=&#8220;yes&#8220; css_animation=&#8220;fadeIn&#8220;][vc_column width=&#8220;1\/3&#8243; enable_content_animation=&#8220;yes&#8220; animation_preset=&#8220;Fade In Up&#8220; ca_duration=&#8220;2000&#8243; ca_delay=&#8220;300&#8243;][\/vc_column][vc_column width=&#8220;1\/3&#8243; css=&#8220;.vc_custom_1610363072044{background-image: url(https:\/\/binisrl.com\/wp-content\/uploads\/2021\/01\/bini_case-history_02.jpg?id=1548) !important;background-position: center !important;background-repeat: no-repeat !important;background-size: cover !important;}&#8220;][\/vc_column][vc_column width=&#8220;1\/3&#8243; enable_content_animation=&#8220;yes&#8220; animation_preset=&#8220;Fade In Up&#8220; css=&#8220;.vc_custom_1609168392494{padding-top: 36px !important;padding-right: 36px !important;padding-bottom: 36px !important;padding-left: 36px !important;background-color: #ffffff !important;}&#8220; ca_duration=&#8220;2000&#8243; ca_delay=&#8220;300&#8243;]<style>.ld_spacer_69e512c8df673{height:100px;}<\/style>\n<div class=\"ld-empty-space ld_spacer_69e512c8df673\"><span class=\"liquid_empty_space_inner\"><\/span><\/div><style>.ld_section_title_69e512c8df81d h5{font-weight:600;color:rgb(80, 128, 248);margin-bottom:0px !important;;}<\/style><header class=\"fancy-title ld_section_title_69e512c8df81d\">\n\t<h5>KUNDENBED\u00dcRFNIS:<\/h5>\t\t<\/header><style>.ld_spacer_69e512c8df9ab{height:10px;}<\/style>\n<div class=\"ld-empty-space ld_spacer_69e512c8df9ab\"><span class=\"liquid_empty_space_inner\"><\/span><\/div>[vc_column_text]<strong>Eine hydraulische Drehdurchf\u00fchrung f\u00fcr den Unterwassereinsatz.<\/strong><br \/>\n<span style=\"font-weight: 400;\">Gefragt war eine kompakte L\u00f6sung mit einem hohen Schutzgrad der hydraulischen Wege, geeignet f\u00fcr den wiederkehrenden Einsatz in Meerwasser.<\/span>[\/vc_column_text]<style>.ld_spacer_69e512c8dfb13{height:20px;}<\/style>\n<div class=\"ld-empty-space ld_spacer_69e512c8dfb13\"><span class=\"liquid_empty_space_inner\"><\/span><\/div><style>.ld_section_title_69e512c8dfcaa h5{font-weight:600;color:rgb(80, 128, 248);margin-bottom:0px !important;;}<\/style><header class=\"fancy-title ld_section_title_69e512c8dfcaa\">\n\t<h5>UNSERE L\u00d6SUNG:<\/h5>\t\t<\/header><style>.ld_spacer_69e512c8dfe60{height:10px;}<\/style>\n<div class=\"ld-empty-space ld_spacer_69e512c8dfe60\"><span class=\"liquid_empty_space_inner\"><\/span><\/div>[vc_column_text]<strong>Eine speziell f\u00fcr diese Anforderung entworfene Drehdurchf\u00fchrung, die aus speziellen Materialien und mit geeigneten Ma\u00dfnahmen f\u00fcr den Schutzgrad der inneren Teile ausgef\u00fchrt wurde.<\/strong>[\/vc_column_text]<style>.ld_spacer_69e512c8dffb5{height:100px;}<\/style>\n<div class=\"ld-empty-space ld_spacer_69e512c8dffb5\"><span class=\"liquid_empty_space_inner\"><\/span><\/div>[\/vc_column][\/vc_row][vc_row full_width=&#8220;stretch_row&#8220; gap=&#8220;0&#8243; equal_height=&#8220;yes&#8220; css_animation=&#8220;fadeIn&#8220;][vc_column width=&#8220;1\/3&#8243; css=&#8220;.vc_custom_1611848356043{background-image: url(https:\/\/binisrl.com\/wp-content\/uploads\/2021\/01\/bini_case-history_03-1.jpg?id=1693) !important;background-position: center !important;background-repeat: no-repeat !important;background-size: cover !important;}&#8220;][\/vc_column][vc_column width=&#8220;1\/3&#8243; enable_content_animation=&#8220;yes&#8220; animation_preset=&#8220;Fade In Up&#8220; css=&#8220;.vc_custom_1609167767720{padding-top: 36px !important;padding-right: 36px !important;padding-bottom: 36px !important;padding-left: 36px !important;background-color: #ffffff !important;}&#8220; ca_duration=&#8220;2000&#8243; ca_delay=&#8220;300&#8243;]<style>.ld_spacer_69e512c8e010e{height:100px;}<\/style>\n<div class=\"ld-empty-space ld_spacer_69e512c8e010e\"><span class=\"liquid_empty_space_inner\"><\/span><\/div><style>.ld_section_title_69e512c8e028c h5{font-weight:600;color:rgb(80, 128, 248);margin-bottom:0px !important;;}<\/style><header class=\"fancy-title ld_section_title_69e512c8e028c\">\n\t<h5>KUNDENBED\u00dcRFNIS:<\/h5>\t\t<\/header><style>.ld_spacer_69e512c8e03fc{height:10px;}<\/style>\n<div class=\"ld-empty-space ld_spacer_69e512c8e03fc\"><span class=\"liquid_empty_space_inner\"><\/span><\/div>[vc_column_text]<strong>Eine hydraulisch-elektrische Kombi-Drehdurchf\u00fchrung ausgelegt f\u00fcr hohe hydraulische Durchflussraten, hohe Stromst\u00e4rken und Lichtwellenleiter.<\/strong><br \/>\n<span style=\"font-weight: 400;\">Die Anforderung war ein Spezialprodukt von extremer Kompaktheit und Qualit\u00e4t.<\/span>[\/vc_column_text]<style>.ld_spacer_69e512c8e055d{height:20px;}<\/style>\n<div class=\"ld-empty-space ld_spacer_69e512c8e055d\"><span class=\"liquid_empty_space_inner\"><\/span><\/div><style>.ld_section_title_69e512c8e0700 h5{font-weight:600;color:rgb(80, 128, 248);margin-bottom:0px !important;;}<\/style><header class=\"fancy-title ld_section_title_69e512c8e0700\">\n\t<h5>UNSERE L\u00d6SUNG:<\/h5>\t\t<\/header><style>.ld_spacer_69e512c8e0887{height:10px;}<\/style>\n<div class=\"ld-empty-space ld_spacer_69e512c8e0887\"><span class=\"liquid_empty_space_inner\"><\/span><\/div>[vc_column_text]<strong>Eine speziell entwickelte Drehdurchf\u00fchrung mit Anschlussbox unten. Dieses Kombiprodukt ist \u00fcber 3 Meter lang. Die Schleifringeinheit ist f\u00fcr Kontakte bis 500 A Stromst\u00e4rke sowie Lichtwellenleiter ausgelegt.\u00a0<\/strong>[\/vc_column_text]<style>.ld_spacer_69e512c8e09da{height:100px;}<\/style>\n<div class=\"ld-empty-space ld_spacer_69e512c8e09da\"><span class=\"liquid_empty_space_inner\"><\/span><\/div>[\/vc_column][vc_column width=&#8220;1\/3&#8243; enable_content_animation=&#8220;yes&#8220; animation_preset=&#8220;Fade In Up&#8220; ca_duration=&#8220;2000&#8243; ca_delay=&#8220;300&#8243;][\/vc_column][\/vc_row][vc_row full_width=&#8220;stretch_row&#8220; gap=&#8220;0&#8243; equal_height=&#8220;yes&#8220; css_animation=&#8220;fadeIn&#8220;][vc_column width=&#8220;1\/3&#8243; enable_content_animation=&#8220;yes&#8220; animation_preset=&#8220;Fade In Up&#8220; ca_duration=&#8220;2000&#8243; ca_delay=&#8220;300&#8243;][\/vc_column][vc_column width=&#8220;1\/3&#8243; css=&#8220;.vc_custom_1611848384156{background-image: url(https:\/\/binisrl.com\/wp-content\/uploads\/2021\/01\/bini_case-history_04.jpg?id=1692) !important;background-position: center !important;background-repeat: no-repeat !important;background-size: cover !important;}&#8220;][\/vc_column][vc_column width=&#8220;1\/3&#8243; enable_content_animation=&#8220;yes&#8220; animation_preset=&#8220;Fade In Up&#8220; css=&#8220;.vc_custom_1609168392494{padding-top: 36px !important;padding-right: 36px !important;padding-bottom: 36px !important;padding-left: 36px !important;background-color: #ffffff !important;}&#8220; ca_duration=&#8220;2000&#8243; ca_delay=&#8220;300&#8243;]<style>.ld_spacer_69e512c8e0b20{height:100px;}<\/style>\n<div class=\"ld-empty-space ld_spacer_69e512c8e0b20\"><span class=\"liquid_empty_space_inner\"><\/span><\/div><style>.ld_section_title_69e512c8e0cd0 h5{font-weight:600;color:rgb(80, 128, 248);margin-bottom:0px !important;;}<\/style><header class=\"fancy-title ld_section_title_69e512c8e0cd0\">\n\t<h5>KUNDENBED\u00dcRFNIS:<\/h5>\t\t<\/header><style>.ld_spacer_69e512c8e0e5f{height:10px;}<\/style>\n<div class=\"ld-empty-space ld_spacer_69e512c8e0e5f\"><span class=\"liquid_empty_space_inner\"><\/span><\/div>[vc_column_text]<strong>Eine hydraulisch-elektrische Drehdurchf\u00fchrung f\u00fcr lastintensive Bohrt\u00e4tigkeit in schlammiger Umgebung.<\/strong><br \/>\n<span style=\"font-weight: 400;\">Die Anforderung war eine extrem zuverl\u00e4ssige hydraulische Drehdurchf\u00fchrung mit h\u00f6chstm\u00f6glicher Schutzart.<\/span> <span style=\"font-weight: 400;\">Eine weitere Anforderung bestand in der Notwendigkeit einer zentralen Durchf\u00fchrung sowohl am hydraulischen als auch f\u00fcr am elektrischen Teil.<\/span>[\/vc_column_text]<style>.ld_spacer_69e512c8e0fae{height:20px;}<\/style>\n<div class=\"ld-empty-space ld_spacer_69e512c8e0fae\"><span class=\"liquid_empty_space_inner\"><\/span><\/div><style>.ld_section_title_69e512c8e1146 h5{font-weight:600;color:rgb(80, 128, 248);margin-bottom:0px !important;;}<\/style><header class=\"fancy-title ld_section_title_69e512c8e1146\">\n\t<h5>UNSERE L\u00d6SUNG:<\/h5>\t\t<\/header><style>.ld_spacer_69e512c8e12b5{height:10px;}<\/style>\n<div class=\"ld-empty-space ld_spacer_69e512c8e12b5\"><span class=\"liquid_empty_space_inner\"><\/span><\/div>[vc_column_text]<strong>Eine speziell entwickelte Drehdurchf\u00fchrung mit Schutzart IP69 und mittiger Durchgangsbohrung an beiden Teilen.<\/strong>[\/vc_column_text]<style>.ld_spacer_69e512c8e13fd{height:100px;}<\/style>\n<div class=\"ld-empty-space ld_spacer_69e512c8e13fd\"><span class=\"liquid_empty_space_inner\"><\/span><\/div>[\/vc_column][\/vc_row]<\/p>\n","protected":false},"excerpt":{"rendered":"<p>[vc_row full_height=&#8220;yes&#8220; parallax=&#8220;enable_parallax&#8220; enable_overlay=&#8220;yes&#8220; overlay_bg=&#8220;linear-gradient(62deg, rgb(39, 54, 83) 0%, rgba(105, 140, 157, 255) 66.56050955414013%, rgb(147,&#8230;<\/p>\n","protected":false},"author":1,"featured_media":0,"parent":0,"menu_order":0,"comment_status":"closed","ping_status":"closed","template":"","meta":[],"yoast_head":"<!-- This site is optimized with the Yoast SEO plugin v17.3 - https:\/\/yoast.com\/wordpress\/plugins\/seo\/ -->\n<title>Case Studies - Bini Officine<\/title>\n<meta name=\"robots\" content=\"index, follow, max-snippet:-1, max-image-preview:large, max-video-preview:-1\" \/>\n<link rel=\"canonical\" href=\"https:\/\/binisrl.com\/de\/case-studies\/\" \/>\n<meta property=\"og:locale\" content=\"de_DE\" \/>\n<meta property=\"og:type\" content=\"article\" \/>\n<meta property=\"og:title\" content=\"Case Studies - Bini Officine\" \/>\n<meta property=\"og:description\" content=\"[vc_row full_height=&#8220;yes&#8220; parallax=&#8220;enable_parallax&#8220; enable_overlay=&#8220;yes&#8220; overlay_bg=&#8220;linear-gradient(62deg, rgb(39, 54, 83) 0%, rgba(105, 140, 157, 255) 66.56050955414013%, rgb(147,...\" \/>\n<meta property=\"og:url\" content=\"https:\/\/binisrl.com\/de\/case-studies\/\" \/>\n<meta property=\"og:site_name\" content=\"Bini Officine\" \/>\n<meta property=\"article:modified_time\" content=\"2021-03-24T09:26:15+00:00\" \/>\n<meta name=\"twitter:card\" content=\"summary_large_image\" \/>\n<meta name=\"twitter:label1\" content=\"Gesch\u00e4tzte Lesezeit\" \/>\n\t<meta name=\"twitter:data1\" content=\"3 Minuten\" \/>\n<script type=\"application\/ld+json\" class=\"yoast-schema-graph\">{\"@context\":\"https:\/\/schema.org\",\"@graph\":[{\"@type\":\"WebSite\",\"@id\":\"https:\/\/binisrl.com\/#website\",\"url\":\"https:\/\/binisrl.com\/\",\"name\":\"Bini Officine\",\"description\":\"Swivel Joints Since 1955\",\"potentialAction\":[{\"@type\":\"SearchAction\",\"target\":{\"@type\":\"EntryPoint\",\"urlTemplate\":\"https:\/\/binisrl.com\/?s={search_term_string}\"},\"query-input\":\"required name=search_term_string\"}],\"inLanguage\":\"de-DE\"},{\"@type\":\"WebPage\",\"@id\":\"https:\/\/binisrl.com\/de\/case-studies\/#webpage\",\"url\":\"https:\/\/binisrl.com\/de\/case-studies\/\",\"name\":\"Case Studies - Bini Officine\",\"isPartOf\":{\"@id\":\"https:\/\/binisrl.com\/#website\"},\"datePublished\":\"2021-01-08T17:10:01+00:00\",\"dateModified\":\"2021-03-24T09:26:15+00:00\",\"breadcrumb\":{\"@id\":\"https:\/\/binisrl.com\/de\/case-studies\/#breadcrumb\"},\"inLanguage\":\"de-DE\",\"potentialAction\":[{\"@type\":\"ReadAction\",\"target\":[\"https:\/\/binisrl.com\/de\/case-studies\/\"]}]},{\"@type\":\"BreadcrumbList\",\"@id\":\"https:\/\/binisrl.com\/de\/case-studies\/#breadcrumb\",\"itemListElement\":[{\"@type\":\"ListItem\",\"position\":1,\"name\":\"Home\",\"item\":\"https:\/\/binisrl.com\/de\/\"},{\"@type\":\"ListItem\",\"position\":2,\"name\":\"Case Studies\"}]}]}<\/script>\n<!-- \/ Yoast SEO plugin. -->","yoast_head_json":{"title":"Case Studies - Bini Officine","robots":{"index":"index","follow":"follow","max-snippet":"max-snippet:-1","max-image-preview":"max-image-preview:large","max-video-preview":"max-video-preview:-1"},"canonical":"https:\/\/binisrl.com\/de\/case-studies\/","og_locale":"de_DE","og_type":"article","og_title":"Case Studies - Bini Officine","og_description":"[vc_row full_height=&#8220;yes&#8220; parallax=&#8220;enable_parallax&#8220; enable_overlay=&#8220;yes&#8220; overlay_bg=&#8220;linear-gradient(62deg, rgb(39, 54, 83) 0%, rgba(105, 140, 157, 255) 66.56050955414013%, rgb(147,...","og_url":"https:\/\/binisrl.com\/de\/case-studies\/","og_site_name":"Bini Officine","article_modified_time":"2021-03-24T09:26:15+00:00","twitter_card":"summary_large_image","twitter_misc":{"Gesch\u00e4tzte Lesezeit":"3 Minuten"},"schema":{"@context":"https:\/\/schema.org","@graph":[{"@type":"WebSite","@id":"https:\/\/binisrl.com\/#website","url":"https:\/\/binisrl.com\/","name":"Bini Officine","description":"Swivel Joints Since 1955","potentialAction":[{"@type":"SearchAction","target":{"@type":"EntryPoint","urlTemplate":"https:\/\/binisrl.com\/?s={search_term_string}"},"query-input":"required name=search_term_string"}],"inLanguage":"de-DE"},{"@type":"WebPage","@id":"https:\/\/binisrl.com\/de\/case-studies\/#webpage","url":"https:\/\/binisrl.com\/de\/case-studies\/","name":"Case Studies - Bini Officine","isPartOf":{"@id":"https:\/\/binisrl.com\/#website"},"datePublished":"2021-01-08T17:10:01+00:00","dateModified":"2021-03-24T09:26:15+00:00","breadcrumb":{"@id":"https:\/\/binisrl.com\/de\/case-studies\/#breadcrumb"},"inLanguage":"de-DE","potentialAction":[{"@type":"ReadAction","target":["https:\/\/binisrl.com\/de\/case-studies\/"]}]},{"@type":"BreadcrumbList","@id":"https:\/\/binisrl.com\/de\/case-studies\/#breadcrumb","itemListElement":[{"@type":"ListItem","position":1,"name":"Home","item":"https:\/\/binisrl.com\/de\/"},{"@type":"ListItem","position":2,"name":"Case Studies"}]}]}},"_links":{"self":[{"href":"https:\/\/binisrl.com\/de\/wp-json\/wp\/v2\/pages\/2240"}],"collection":[{"href":"https:\/\/binisrl.com\/de\/wp-json\/wp\/v2\/pages"}],"about":[{"href":"https:\/\/binisrl.com\/de\/wp-json\/wp\/v2\/types\/page"}],"author":[{"embeddable":true,"href":"https:\/\/binisrl.com\/de\/wp-json\/wp\/v2\/users\/1"}],"replies":[{"embeddable":true,"href":"https:\/\/binisrl.com\/de\/wp-json\/wp\/v2\/comments?post=2240"}],"version-history":[{"count":0,"href":"https:\/\/binisrl.com\/de\/wp-json\/wp\/v2\/pages\/2240\/revisions"}],"wp:attachment":[{"href":"https:\/\/binisrl.com\/de\/wp-json\/wp\/v2\/media?parent=2240"}],"curies":[{"name":"wp","href":"https:\/\/api.w.org\/{rel}","templated":true}]}}