{"id":2244,"date":"2020-10-15T16:38:46","date_gmt":"2020-10-15T14:38:46","guid":{"rendered":"https:\/\/binisrl.com\/servizi\/"},"modified":"2022-02-07T09:50:04","modified_gmt":"2022-02-07T08:50:04","slug":"dienstleistungen","status":"publish","type":"page","link":"https:\/\/binisrl.com\/de\/dienstleistungen\/","title":{"rendered":"Dienstleistungen"},"content":{"rendered":"<p>[vc_row full_height=&#8220;yes&#8220; parallax=&#8220;enable_parallax&#8220; enable_overlay=&#8220;yes&#8220; overlay_bg=&#8220;linear-gradient(62deg, rgb(39, 54, 83) 0%, rgba(105, 140, 157, 255) 66.56050955414013%, rgb(147, 194, 203) 99.68152866242038%)&#8220; css=&#8220;.vc_custom_1602772799414{background-image: url(https:\/\/binisrl.com\/wp-content\/uploads\/2020\/09\/bini_distributori_rotanti_idraulici_da_gallery_02.jpg?id=214) !important;background-position: center;background-repeat: no-repeat !important;background-size: cover !important;}&#8220;][vc_column][vc_row_inner][vc_column_inner width=&#8220;1\/2&#8243; enable_content_animation=&#8220;yes&#8220; animation_preset=&#8220;Fade In Up&#8220; ca_duration=&#8220;2000&#8243; ca_delay=&#8220;300&#8243;]<style>.ld_section_title_69f1743946e9d h1{color:rgba(255, 255, 255, 0.6);}<\/style><header class=\"fancy-title ld_section_title_69f1743946e9d\">\n\t<h1>EINE GUTE ARBEIT ERKENNT MAN AN DEN DETAILS<\/h1>\t\t<\/header><style>.ld_section_title_69f17439478e7 h2{font-size:1.3vw;font-weight:200;color:rgb(255, 255, 255);}<\/style><header class=\"fancy-title ld_section_title_69f17439478e7\">\n\t<h2>Entwerfen bedeutet, sich etwas Neues auszudenken, um die Leistung zu verbessern oder funktionale Aspekte zu optimieren.<\/h2>\t\t<\/header><style>.ld_spacer_69f17439482ab{height:50px;}<\/style>\n<div class=\"ld-empty-space ld_spacer_69f17439482ab\"><span class=\"liquid_empty_space_inner\"><\/span><\/div><style>.ld_button_69f1743948586.btn-icon-solid .btn-icon{background:rgb(80, 128, 248);}.ld_button_69f1743948586.btn-icon-circle.btn-icon-ripple .btn-icon:before{border-color:rgb(80, 128, 248);}.ld_button_69f1743948586.btn-icon-solid:hover .btn-icon{background:rgb(255, 255, 255);}.ld_button_69f1743948586 .btn-icon{color:rgb(255, 255, 255);}.ld_button_69f1743948586:hover .btn-icon{color:rgb(80, 128, 248);}.ld_button_69f1743948586{background-color:rgb(80, 128, 248);border-color:rgb(80, 128, 248);color:rgb(255, 255, 255);}.ld_button_69f1743948586:hover{background-color:rgb(255, 255, 255);border-color:rgb(255, 255, 255);color:rgb(80, 128, 248);}.ld_button_69f1743948586 .btn-gradient-bg-hover{background:-webkit-linear-gradient(to right, rgb(255, 255, 255) 0%, rgb(255, 255, 255) 100%);background:linear-gradient(to right, rgb(255, 255, 255) 0%, rgb(255, 255, 255) 100%);}.ld_button_69f1743948586 .btn-gradient-border defs stop:first-child{stop-color:rgb(80, 128, 248);}.ld_button_69f1743948586 .btn-gradient-border defs stop:last-child{stop-color:rgb(80, 128, 248);}.ld_button_69f1743948586:hover .btn-gradient-border defs stop:first-child{stop-color:rgb(255, 255, 255);}.ld_button_69f1743948586:hover .btn-gradient-border defs stop:last-child{stop-color:rgb(255, 255, 255);}<\/style><a href=\"#\" class=\"btn btn-solid text-uppercase round btn-bordered border-thin btn-icon-left pulsante-bini ld_button_69f1743948586\" data-localscroll=\"true\" data-localscroll-options=\"{&quot;scrollBelowSection&quot;:true,&quot;scrollSpeed&quot;:&quot;4000&quot;}\">\n\t<span>\n\t\t\n\t\t\t\t\t<span class=\"btn-txt\">ERFAHREN SIE MEHR \u00dcBER UNSERE DIENSTLEISTUNGEN<\/span>\n\t\t\t\n\t<span class=\"btn-icon\"><i class=\"icon-arrows_slim_down\"><\/i><\/span>\t\t\t<\/span>\n<\/a>\n[\/vc_column_inner][vc_column_inner width=&#8220;1\/2&#8243;][\/vc_column_inner][\/vc_row_inner][\/vc_column][\/vc_row][vc_row][vc_column]<style>.ld_spacer_69f1743948972{height:100px;}<\/style>\n<div class=\"ld-empty-space ld_spacer_69f1743948972\"><span class=\"liquid_empty_space_inner\"><\/span><\/div>[\/vc_column][\/vc_row][vc_row][vc_column width=&#8220;2\/3&#8243; enable_content_animation=&#8220;yes&#8220; animation_preset=&#8220;Fade In Up&#8220; ca_duration=&#8220;2000&#8243; ca_delay=&#8220;300&#8243;]<style>.ld_section_title_69f1743948b79 div{font-size:24px;line-height:1.2em;font-weight:200;}<\/style><header class=\"fancy-title ld_section_title_69f1743948b79\">\n\t<div>OBERFL\u00c4CHEN UND MATERIALIEN<\/div>\t\t<\/header><style>.ld_section_title_69f1743948d45 div{font-size:2.5vw;line-height:1.2em;font-weight:700;}<\/style><header class=\"fancy-title ld_section_title_69f1743948d45\">\n\t<div>JEDES DETAIL TR\u00c4GT ZUR EXZELLENZ EINES PRODUKTS BEI<\/div>\t\t<\/header><style>.ld_spacer_69f1743948ede{height:20px;}<\/style>\n<div class=\"ld-empty-space ld_spacer_69f1743948ede\"><span class=\"liquid_empty_space_inner\"><\/span><\/div>[vc_column_text]<span style=\"font-weight: 400;\">In der Konzeptionsphase eines neuen Produkts ist jeder Aspekt wichtig und alles muss im Detail durchdacht werden.<\/span><br \/>\n<span style=\"font-weight: 400;\">Nach 65 Jahren Erfahrung in der Herstellung hydraulischer Drehdurchf\u00fchrungen und Schleifringen sind wir in der Lage, Spezialbauteile aus unterschiedlichen Materialien f\u00fcr besondere Anwendungen zu entwerfen, zu testen und herzustellen.<\/span><br \/>\n<span style=\"font-weight: 400;\">Dar\u00fcber hinaus f\u00fchren wir auch <strong>Veredelungen, Lackierungen und Oberfl\u00e4chenbehandlungen<\/strong> direkt bei uns im Haus durch, je nach Kundenwunsch und auf Basis der Performance-Ergebnisse in der Versuchsphase. Das Ergebnis muss in jeder Hinsicht hervorragend sein, auch was die \u00c4sthetik betrifft. Deshalb widmen wir jedem Detail gen\u00fcgend Zeit und Aufmerksamkeit.\u00a0<\/span>[\/vc_column_text][\/vc_column][vc_column width=&#8220;1\/3&#8243;][\/vc_column][\/vc_row][vc_row][vc_column]<style>.ld_spacer_69f174394904e{height:100px;}<\/style>\n<div class=\"ld-empty-space ld_spacer_69f174394904e\"><span class=\"liquid_empty_space_inner\"><\/span><\/div>[\/vc_column][\/vc_row][vc_row full_width=&#8220;stretch_row&#8220; parallax=&#8220;enable_parallax&#8220;][vc_column width=&#8220;1\/3&#8243;][\/vc_column][vc_column width=&#8220;2\/3&#8243; css=&#8220;.vc_custom_1602082800099{background-position: center !important;background-repeat: no-repeat !important;background-size: cover !important;}&#8220;][vc_row_inner parallax=&#8220;enable_parallax&#8220; css=&#8220;.vc_custom_1605265101949{background-image: url(https:\/\/binisrl.com\/wp-content\/uploads\/2020\/11\/Bini-officine-low-7171_web.jpg?id=1063) !important;background-position: center !important;background-repeat: no-repeat !important;background-size: cover !important;}&#8220;][vc_column_inner]<style>.ld_spacer_69f1743949308{height:700px;}<\/style>\n<div class=\"ld-empty-space ld_spacer_69f1743949308\"><span class=\"liquid_empty_space_inner\"><\/span><\/div>[\/vc_column_inner][\/vc_row_inner][\/vc_column][\/vc_row][vc_row][vc_column]<style>.ld_spacer_69f17439494e0{height:100px;}<\/style>\n<div class=\"ld-empty-space ld_spacer_69f17439494e0\"><span class=\"liquid_empty_space_inner\"><\/span><\/div>[\/vc_column][\/vc_row][vc_row gap=&#8220;35&#8243; content_placement=&#8220;middle&#8220; css=&#8220;.vc_custom_1602085999535{padding-top: 10% !important;padding-bottom: 10% !important;background-color: #ededed !important;}&#8220;][vc_column width=&#8220;1\/2&#8243; enable_content_animation=&#8220;yes&#8220; animation_preset=&#8220;Fade In Up&#8220;][vc_single_image image=&#8220;749&#8243; img_size=&#8220;600&#215;500&#8243;][\/vc_column][vc_column width=&#8220;1\/2&#8243; enable_content_animation=&#8220;yes&#8220; animation_preset=&#8220;Fade In Up&#8220; ca_duration=&#8220;2000&#8243; ca_delay=&#8220;300&#8243;]<style>.ld_section_title_69f17439496b9 div{font-size:24px;line-height:1.2em;font-weight:200;}<\/style><header class=\"fancy-title ld_section_title_69f17439496b9\">\n\t<div>SIMULATIONEN UND TESTS<\/div>\t\t<\/header><style>.ld_section_title_69f1743949891 div{font-size:2.5vw;line-height:1.2em;font-weight:700;}<\/style><header class=\"fancy-title ld_section_title_69f1743949891\">\n\t<div>LEISTUNGSGARANTIE F\u00dcR JEDES NEUE PRODUKT<\/div>\t\t<\/header><style>.ld_spacer_69f1743949a1b{height:20px;}<\/style>\n<div class=\"ld-empty-space ld_spacer_69f1743949a1b\"><span class=\"liquid_empty_space_inner\"><\/span><\/div>[vc_column_text]<span style=\"font-weight: 400;\">Bevor wir ein neues Modell in Produktion geben, m\u00fcssen wir sicher sein, dass es allen Einsatzbedingungen ohne Ausf\u00e4lle oder Betriebsst\u00f6rungen standh\u00e4lt und dabei die geltenden Gesetze, Vorschriften und Normen vollst\u00e4ndig erf\u00fcllt.<\/span><br \/>\n<span style=\"font-weight: 400;\">Unsere <strong>interne Pr\u00fcfstelle<\/strong> ist f\u00fcr die Durchf\u00fchrung aller <strong>Simulationen<\/strong> und <strong>Tests<\/strong> ausgestattet, die f\u00fcr die <strong>Zulassung auf nationaler und EU-Ebene<\/strong> erforderlich sind, und liefert umfassende Berichte \u00fcber die Leistung der Prototypen.<\/span>[\/vc_column_text][\/vc_column][\/vc_row][vc_row][vc_column]<style>.ld_spacer_69f1743949ba5{height:100px;}<\/style>\n<div class=\"ld-empty-space ld_spacer_69f1743949ba5\"><span class=\"liquid_empty_space_inner\"><\/span><\/div>[\/vc_column][\/vc_row][vc_row][vc_column width=&#8220;1\/3&#8243; enable_content_animation=&#8220;yes&#8220; animation_preset=&#8220;Fade In Up&#8220; ca_duration=&#8220;2000&#8243; ca_delay=&#8220;300&#8243;]<style>.ld_fancy_heading_69f1743949df9 h3{font-size:100px;font-weight:800;}.backgroundcliptext .ld_fancy_heading_69f1743949df9 .ld-fh-txt{background:-webkit--webkit-linear-gradient(62deg, rgb(39, 54, 83) 0.318471%, rgb(105, 140, 157) 66.5605%, rgb(147, 194, 203) 99.6815%);background:-webkit-linear-gradient(62deg, rgb(39, 54, 83) 0.318471%, rgb(105, 140, 157) 66.5605%, rgb(147, 194, 203) 99.6815%);}.ld_fancy_heading_69f1743949df9 .lqd-highlight-inner{height:0.275em;bottom:0px;}<\/style><div class=\"ld-fancy-heading ld_fancy_heading_69f1743949df9\">\n\t<h3 class=\"ld-gradient-heading lqd-highlight-underline lqd-highlight-grow-left\" ><span class=\"ld-fh-txt\"> 1.<\/span><\/h3><\/div>[vc_column_text]<strong>PR\u00dcFUNG DER TECHNISCHEN SAUBERKEIT<\/strong><br \/>\n<span style=\"font-weight: 400;\">im Inneren der hydraulischen Drehdurchf\u00fchrung, gem\u00e4\u00df ISO-Norm 16232.<\/span>[\/vc_column_text][\/vc_column][vc_column width=&#8220;1\/3&#8243; enable_content_animation=&#8220;yes&#8220; animation_preset=&#8220;Fade In Up&#8220; ca_duration=&#8220;2000&#8243; ca_delay=&#8220;300&#8243;]<style>.ld_fancy_heading_69f174394a0b9 h3{font-size:100px;font-weight:800;}.backgroundcliptext .ld_fancy_heading_69f174394a0b9 .ld-fh-txt{background:-webkit--webkit-linear-gradient(62deg, rgb(39, 54, 83) 0.318471%, rgb(105, 140, 157) 66.5605%, rgb(147, 194, 203) 99.6815%);background:-webkit-linear-gradient(62deg, rgb(39, 54, 83) 0.318471%, rgb(105, 140, 157) 66.5605%, rgb(147, 194, 203) 99.6815%);}.ld_fancy_heading_69f174394a0b9 .lqd-highlight-inner{height:0.275em;bottom:0px;}<\/style><div class=\"ld-fancy-heading ld_fancy_heading_69f174394a0b9\">\n\t<h3 class=\"ld-gradient-heading lqd-highlight-underline lqd-highlight-grow-left\" ><span class=\"ld-fh-txt\"> 2.<\/span><\/h3><\/div>[vc_column_text]<strong>ZERST\u00d6RENDE PR\u00dcFUNGEN<\/strong><br \/>\n<span style=\"font-weight: 400;\">an der hydraulischen Drehdurchf\u00fchrung, um den maximal m\u00f6glichen Druck f\u00fcr die Wege festzustellen.<\/span>[\/vc_column_text][\/vc_column][vc_column width=&#8220;1\/3&#8243; enable_content_animation=&#8220;yes&#8220; animation_preset=&#8220;Fade In Up&#8220; ca_duration=&#8220;2000&#8243; ca_delay=&#8220;300&#8243;]<style>.ld_fancy_heading_69f174394a344 h3{font-size:100px;font-weight:800;}.backgroundcliptext .ld_fancy_heading_69f174394a344 .ld-fh-txt{background:-webkit--webkit-linear-gradient(62deg, rgb(39, 54, 83) 0.318471%, rgb(105, 140, 157) 66.5605%, rgb(147, 194, 203) 99.6815%);background:-webkit-linear-gradient(62deg, rgb(39, 54, 83) 0.318471%, rgb(105, 140, 157) 66.5605%, rgb(147, 194, 203) 99.6815%);}.ld_fancy_heading_69f174394a344 .lqd-highlight-inner{height:0.275em;bottom:0px;}<\/style><div class=\"ld-fancy-heading ld_fancy_heading_69f174394a344\">\n\t<h3 class=\"ld-gradient-heading lqd-highlight-underline lqd-highlight-grow-left\" ><span class=\"ld-fh-txt\"> 3.<\/span><\/h3><\/div>[vc_column_text]<strong>PR\u00dcFUNG DER DURCHSCHLAGSFESTIGKEIT (2500 V), DER ISOLIERUNG (500 V) UND DES ELEKTRISCHE WIDERSTAND<\/strong><br \/>\n<span style=\"font-weight: 400;\">der Schleifkontakte des Schleifrings.<\/span>[\/vc_column_text][\/vc_column][\/vc_row][vc_row][vc_column]<style>.ld_spacer_69f174394a512{height:50px;}<\/style>\n<div class=\"ld-empty-space ld_spacer_69f174394a512\"><span class=\"liquid_empty_space_inner\"><\/span><\/div>[\/vc_column][\/vc_row][vc_row][vc_column width=&#8220;1\/3&#8243; enable_content_animation=&#8220;yes&#8220; animation_preset=&#8220;Fade In Up&#8220; ca_duration=&#8220;2000&#8243; ca_delay=&#8220;300&#8243;]<style>.ld_fancy_heading_69f174394a726 h3{font-size:100px;font-weight:800;}.backgroundcliptext .ld_fancy_heading_69f174394a726 .ld-fh-txt{background:-webkit--webkit-linear-gradient(62deg, rgb(39, 54, 83) 0.318471%, rgb(105, 140, 157) 66.5605%, rgb(147, 194, 203) 99.6815%);background:-webkit-linear-gradient(62deg, rgb(39, 54, 83) 0.318471%, rgb(105, 140, 157) 66.5605%, rgb(147, 194, 203) 99.6815%);}.ld_fancy_heading_69f174394a726 .lqd-highlight-inner{height:0.275em;bottom:0px;}<\/style><div class=\"ld-fancy-heading ld_fancy_heading_69f174394a726\">\n\t<h3 class=\"ld-gradient-heading lqd-highlight-underline lqd-highlight-grow-left\" ><span class=\"ld-fh-txt\"> 4.<\/span><\/h3><\/div>[vc_column_text]<strong>STROM- UND W\u00c4RMEPR\u00dcFUNGEN<\/strong><br \/>\n<span style=\"font-weight: 400;\">am Schleifring (mit detailliertem Bericht \u00fcber die W\u00e4rmentwicklung im Innern bei unterschiedlichen Einsatzbedingungen).<\/span>[\/vc_column_text][\/vc_column][vc_column width=&#8220;1\/3&#8243; enable_content_animation=&#8220;yes&#8220; animation_preset=&#8220;Fade In Up&#8220; ca_duration=&#8220;2000&#8243; ca_delay=&#8220;300&#8243;]<style>.ld_fancy_heading_69f174394a969 h3{font-size:100px;font-weight:800;}.backgroundcliptext .ld_fancy_heading_69f174394a969 .ld-fh-txt{background:-webkit--webkit-linear-gradient(62deg, rgb(39, 54, 83) 0.318471%, rgb(105, 140, 157) 66.5605%, rgb(147, 194, 203) 99.6815%);background:-webkit-linear-gradient(62deg, rgb(39, 54, 83) 0.318471%, rgb(105, 140, 157) 66.5605%, rgb(147, 194, 203) 99.6815%);}.ld_fancy_heading_69f174394a969 .lqd-highlight-inner{height:0.275em;bottom:0px;}<\/style><div class=\"ld-fancy-heading ld_fancy_heading_69f174394a969\">\n\t<h3 class=\"ld-gradient-heading lqd-highlight-underline lqd-highlight-grow-left\" ><span class=\"ld-fh-txt\"> 5.<\/span><\/h3><\/div>[vc_column_text]<strong>VERIFIZIERUNG<\/strong><br \/>\n<span style=\"font-weight: 400;\">am Schleifring der IP-Schutzart, der Vibrationsbest\u00e4ndigkeit und der Gebrauchstauglichkeit bei Niedrigtemperaturen (zur Produktvalidierung bis -40\u00b0C).<\/span>[\/vc_column_text][\/vc_column][vc_column width=&#8220;1\/3&#8243; enable_content_animation=&#8220;yes&#8220; animation_preset=&#8220;Fade In Up&#8220; ca_duration=&#8220;2000&#8243; ca_delay=&#8220;300&#8243;]<style>.ld_fancy_heading_69f174394ac40 h3{font-size:100px;font-weight:800;}.backgroundcliptext .ld_fancy_heading_69f174394ac40 .ld-fh-txt{background:-webkit--webkit-linear-gradient(62deg, rgb(39, 54, 83) 0.318471%, rgb(105, 140, 157) 66.5605%, rgb(147, 194, 203) 99.6815%);background:-webkit-linear-gradient(62deg, rgb(39, 54, 83) 0.318471%, rgb(105, 140, 157) 66.5605%, rgb(147, 194, 203) 99.6815%);}.ld_fancy_heading_69f174394ac40 .lqd-highlight-inner{height:0.275em;bottom:0px;}<\/style><div class=\"ld-fancy-heading ld_fancy_heading_69f174394ac40\">\n\t<h3 class=\"ld-gradient-heading lqd-highlight-underline lqd-highlight-grow-left\" ><span class=\"ld-fh-txt\"> 6.<\/span><\/h3><\/div>[vc_column_text]<strong>BERECHNUNG DES MTTFd-WERTES<\/strong><br \/>\n<span style=\"font-weight: 400;\">der hydraulischen Drehdurchf\u00fchrung und der Schleifringeinheit und entsprechende Validierung nach ISO 13849-1.<\/span>[\/vc_column_text][\/vc_column][\/vc_row][vc_row][vc_column]<style>.ld_spacer_69f174394ae47{height:100px;}<\/style>\n<div class=\"ld-empty-space ld_spacer_69f174394ae47\"><span class=\"liquid_empty_space_inner\"><\/span><\/div>[\/vc_column][\/vc_row][vc_row gap=&#8220;35&#8243; content_placement=&#8220;middle&#8220; css=&#8220;.vc_custom_1602085999535{padding-top: 10% !important;padding-bottom: 10% !important;background-color: #ededed !important;}&#8220;][vc_column width=&#8220;1\/2&#8243; enable_content_animation=&#8220;yes&#8220; animation_preset=&#8220;Fade In Up&#8220; ca_duration=&#8220;2000&#8243; ca_delay=&#8220;300&#8243;]<style>.ld_section_title_69f174394b0f2 div{font-size:24px;line-height:1.2em;font-weight:200;}<\/style><header class=\"fancy-title ld_section_title_69f174394b0f2\">\n\t<div>KOMPLETTE EIGENFERTIGUNG<\/div>\t\t<\/header><style>.ld_section_title_69f174394b2fa div{font-size:2.5vw;line-height:1.2em;font-weight:700;}<\/style><header class=\"fancy-title ld_section_title_69f174394b2fa\">\n\t<div>UNSERE MASCHINELLE AUSSTATTUNG<\/div>\t\t<\/header><style>.ld_spacer_69f174394b483{height:20px;}<\/style>\n<div class=\"ld-empty-space ld_spacer_69f174394b483\"><span class=\"liquid_empty_space_inner\"><\/span><\/div>[vc_column_text]<strong>CNC-DREHMASCHINEN<\/strong><br \/>\n<span style=\"font-weight: 400;\">f\u00fcr die Herstellung von gro\u00dfen Drehdurchf\u00fchrungen (bis 800 mm Durchmesser und 200 mm L\u00e4nge)<\/span><\/p>\n<p><strong>4-ACHSEN-CNC-BEARBEITUNGSZENTREN<\/strong><br \/>\n<span style=\"font-weight: 400;\">mit einer automatisierten Fertigungskapazit\u00e4t von bis zu 14 Paletten<\/span><\/p>\n<p><strong>SCHWEISSROBOTER<\/strong><br \/>\n<span style=\"font-weight: 400;\">mit zugeh\u00f6rigen WPS<\/span><\/p>\n<p><strong>PR\u00dcFST\u00c4NDE<\/strong><br \/>\n<span style=\"font-weight: 400;\">mit PLC-Steuerung und \u00d6lreinheitskontrolle nach ISO 4406<\/span><\/p>\n<p><strong>NEUE LACKIERANLAGE<\/strong><\/p>\n<p><strong>PR\u00dcFSTAND F\u00dcR ISOLIERUNGS- UND KONTINUIT\u00c4TSKONTROLLE<\/strong><br \/>\n<span style=\"font-weight: 400;\">an 100% der elektrischen Kontakte<\/span>[\/vc_column_text][\/vc_column][vc_column width=&#8220;1\/2&#8243; enable_content_animation=&#8220;yes&#8220; animation_preset=&#8220;Fade In Up&#8220;][vc_single_image image=&#8220;775&#8243; img_size=&#8220;600&#215;700&#8243;][\/vc_column][\/vc_row][vc_row full_height=&#8220;yes&#8220; content_placement=&#8220;middle&#8220; parallax=&#8220;enable_parallax&#8220; enable_overlay=&#8220;yes&#8220; css=&#8220;.vc_custom_1602779091219{background-image: url(https:\/\/binisrl.com\/wp-content\/uploads\/2020\/10\/Bini-officine-low-7301_web.jpg?id=778) !important;background-position: center;background-repeat: no-repeat !important;background-size: cover !important;}&#8220; overlay_bg=&#8220;rgba(39, 54, 83, 0.56)&#8220;][vc_column enable_content_animation=&#8220;yes&#8220; animation_preset=&#8220;Fade In Up&#8220; align=&#8220;text-center&#8220; ca_duration=&#8220;2000&#8243; ca_delay=&#8220;300&#8243;]<style>.ld_section_title_69f174394b648 h2{font-size:2vw;color:rgb(255, 255, 255);}<\/style><header class=\"fancy-title ld_section_title_69f174394b648\">\n\t<h2>KUNDENSPEZIFISCHE PRODUKTENTWICKLUNG<\/h2>\t\t<\/header><style>.ld_section_title_69f174394b970 h2{font-size:4vw;font-weight:700;color:rgb(255, 255, 255);}<\/style><header class=\"fancy-title ld_section_title_69f174394b970\">\n\t<h2>VON DER ANFORDERUNG BIS ZUM FERTIGEN PRODUKT<\/h2>\t\t<\/header><style>.ld_spacer_69f174394bb60{height:32px;}<\/style>\n<div class=\"ld-empty-space ld_spacer_69f174394bb60\"><span class=\"liquid_empty_space_inner\"><\/span><\/div><style>.ld_button_69f174394bdfd.btn-icon-solid .btn-icon{background:rgb(80, 128, 248);}.ld_button_69f174394bdfd.btn-icon-circle.btn-icon-ripple .btn-icon:before{border-color:rgb(80, 128, 248);}.ld_button_69f174394bdfd.btn-icon-solid:hover .btn-icon{background:rgb(255, 255, 255);}.ld_button_69f174394bdfd .btn-icon{color:rgb(255, 255, 255);}.ld_button_69f174394bdfd:hover .btn-icon{color:rgb(80, 128, 248);}.ld_button_69f174394bdfd{background-color:rgb(80, 128, 248);border-color:rgb(80, 128, 248);color:rgb(255, 255, 255);}.ld_button_69f174394bdfd:hover{background-color:rgb(255, 255, 255);border-color:rgb(255, 255, 255);color:rgb(80, 128, 248);}.ld_button_69f174394bdfd .btn-gradient-bg-hover{background:-webkit-linear-gradient(to right, rgb(255, 255, 255) 0%, rgb(255, 255, 255) 100%);background:linear-gradient(to right, rgb(255, 255, 255) 0%, rgb(255, 255, 255) 100%);}.ld_button_69f174394bdfd .btn-gradient-border defs stop:first-child{stop-color:rgb(80, 128, 248);}.ld_button_69f174394bdfd .btn-gradient-border defs stop:last-child{stop-color:rgb(80, 128, 248);}.ld_button_69f174394bdfd:hover .btn-gradient-border defs stop:first-child{stop-color:rgb(255, 255, 255);}.ld_button_69f174394bdfd:hover .btn-gradient-border defs stop:last-child{stop-color:rgb(255, 255, 255);}<\/style><a href=\"https:\/\/binisrl.com\/de\/individualisierte-produkte\/\" title=\"Prodotti personalizzati\" class=\"btn btn-solid text-uppercase round btn-bordered border-thin btn-icon-left pulsante-bini ld_button_69f174394bdfd\">\n\t<span>\n\t\t\n\t\t\t\t\t<span class=\"btn-txt\">ENTDECKEN SIE UNSERE KUNDENSPEZIFISCHEN PRODUKTE<\/span>\n\t\t\t\n\t<span class=\"btn-icon\"><i class=\"icon-arrows_slim_right\"><\/i><\/span>\t\t\t<\/span>\n<\/a>\n[\/vc_column][\/vc_row]<\/p>\n","protected":false},"excerpt":{"rendered":"<p>[vc_row full_height=&#8220;yes&#8220; parallax=&#8220;enable_parallax&#8220; enable_overlay=&#8220;yes&#8220; overlay_bg=&#8220;linear-gradient(62deg, rgb(39, 54, 83) 0%, rgba(105, 140, 157, 255) 66.56050955414013%, rgb(147,&#8230;<\/p>\n","protected":false},"author":1,"featured_media":0,"parent":0,"menu_order":0,"comment_status":"closed","ping_status":"closed","template":"","meta":[],"yoast_head":"<!-- This site is optimized with the Yoast SEO plugin v17.3 - https:\/\/yoast.com\/wordpress\/plugins\/seo\/ -->\n<title>Dienstleistungen - Bini Officine<\/title>\n<meta name=\"robots\" content=\"index, follow, max-snippet:-1, max-image-preview:large, max-video-preview:-1\" \/>\n<link rel=\"canonical\" href=\"https:\/\/binisrl.com\/de\/dienstleistungen\/\" \/>\n<meta property=\"og:locale\" content=\"de_DE\" \/>\n<meta property=\"og:type\" content=\"article\" \/>\n<meta property=\"og:title\" content=\"Dienstleistungen - Bini Officine\" \/>\n<meta property=\"og:description\" content=\"[vc_row full_height=&#8220;yes&#8220; parallax=&#8220;enable_parallax&#8220; enable_overlay=&#8220;yes&#8220; overlay_bg=&#8220;linear-gradient(62deg, rgb(39, 54, 83) 0%, rgba(105, 140, 157, 255) 66.56050955414013%, rgb(147,...\" \/>\n<meta property=\"og:url\" content=\"https:\/\/binisrl.com\/de\/dienstleistungen\/\" \/>\n<meta property=\"og:site_name\" content=\"Bini Officine\" \/>\n<meta property=\"article:modified_time\" content=\"2022-02-07T08:50:04+00:00\" \/>\n<meta name=\"twitter:card\" content=\"summary_large_image\" \/>\n<meta name=\"twitter:label1\" content=\"Gesch\u00e4tzte Lesezeit\" \/>\n\t<meta name=\"twitter:data1\" content=\"4 Minuten\" \/>\n<script type=\"application\/ld+json\" class=\"yoast-schema-graph\">{\"@context\":\"https:\/\/schema.org\",\"@graph\":[{\"@type\":\"WebSite\",\"@id\":\"https:\/\/binisrl.com\/#website\",\"url\":\"https:\/\/binisrl.com\/\",\"name\":\"Bini Officine\",\"description\":\"Swivel Joints Since 1955\",\"potentialAction\":[{\"@type\":\"SearchAction\",\"target\":{\"@type\":\"EntryPoint\",\"urlTemplate\":\"https:\/\/binisrl.com\/?s={search_term_string}\"},\"query-input\":\"required name=search_term_string\"}],\"inLanguage\":\"de-DE\"},{\"@type\":\"WebPage\",\"@id\":\"https:\/\/binisrl.com\/de\/dienstleistungen\/#webpage\",\"url\":\"https:\/\/binisrl.com\/de\/dienstleistungen\/\",\"name\":\"Dienstleistungen - Bini Officine\",\"isPartOf\":{\"@id\":\"https:\/\/binisrl.com\/#website\"},\"datePublished\":\"2020-10-15T14:38:46+00:00\",\"dateModified\":\"2022-02-07T08:50:04+00:00\",\"breadcrumb\":{\"@id\":\"https:\/\/binisrl.com\/de\/dienstleistungen\/#breadcrumb\"},\"inLanguage\":\"de-DE\",\"potentialAction\":[{\"@type\":\"ReadAction\",\"target\":[\"https:\/\/binisrl.com\/de\/dienstleistungen\/\"]}]},{\"@type\":\"BreadcrumbList\",\"@id\":\"https:\/\/binisrl.com\/de\/dienstleistungen\/#breadcrumb\",\"itemListElement\":[{\"@type\":\"ListItem\",\"position\":1,\"name\":\"Home\",\"item\":\"https:\/\/binisrl.com\/de\/\"},{\"@type\":\"ListItem\",\"position\":2,\"name\":\"Dienstleistungen\"}]}]}<\/script>\n<!-- \/ Yoast SEO plugin. -->","yoast_head_json":{"title":"Dienstleistungen - Bini Officine","robots":{"index":"index","follow":"follow","max-snippet":"max-snippet:-1","max-image-preview":"max-image-preview:large","max-video-preview":"max-video-preview:-1"},"canonical":"https:\/\/binisrl.com\/de\/dienstleistungen\/","og_locale":"de_DE","og_type":"article","og_title":"Dienstleistungen - Bini Officine","og_description":"[vc_row full_height=&#8220;yes&#8220; parallax=&#8220;enable_parallax&#8220; enable_overlay=&#8220;yes&#8220; overlay_bg=&#8220;linear-gradient(62deg, rgb(39, 54, 83) 0%, rgba(105, 140, 157, 255) 66.56050955414013%, rgb(147,...","og_url":"https:\/\/binisrl.com\/de\/dienstleistungen\/","og_site_name":"Bini Officine","article_modified_time":"2022-02-07T08:50:04+00:00","twitter_card":"summary_large_image","twitter_misc":{"Gesch\u00e4tzte Lesezeit":"4 Minuten"},"schema":{"@context":"https:\/\/schema.org","@graph":[{"@type":"WebSite","@id":"https:\/\/binisrl.com\/#website","url":"https:\/\/binisrl.com\/","name":"Bini Officine","description":"Swivel Joints Since 1955","potentialAction":[{"@type":"SearchAction","target":{"@type":"EntryPoint","urlTemplate":"https:\/\/binisrl.com\/?s={search_term_string}"},"query-input":"required name=search_term_string"}],"inLanguage":"de-DE"},{"@type":"WebPage","@id":"https:\/\/binisrl.com\/de\/dienstleistungen\/#webpage","url":"https:\/\/binisrl.com\/de\/dienstleistungen\/","name":"Dienstleistungen - Bini Officine","isPartOf":{"@id":"https:\/\/binisrl.com\/#website"},"datePublished":"2020-10-15T14:38:46+00:00","dateModified":"2022-02-07T08:50:04+00:00","breadcrumb":{"@id":"https:\/\/binisrl.com\/de\/dienstleistungen\/#breadcrumb"},"inLanguage":"de-DE","potentialAction":[{"@type":"ReadAction","target":["https:\/\/binisrl.com\/de\/dienstleistungen\/"]}]},{"@type":"BreadcrumbList","@id":"https:\/\/binisrl.com\/de\/dienstleistungen\/#breadcrumb","itemListElement":[{"@type":"ListItem","position":1,"name":"Home","item":"https:\/\/binisrl.com\/de\/"},{"@type":"ListItem","position":2,"name":"Dienstleistungen"}]}]}},"_links":{"self":[{"href":"https:\/\/binisrl.com\/de\/wp-json\/wp\/v2\/pages\/2244"}],"collection":[{"href":"https:\/\/binisrl.com\/de\/wp-json\/wp\/v2\/pages"}],"about":[{"href":"https:\/\/binisrl.com\/de\/wp-json\/wp\/v2\/types\/page"}],"author":[{"embeddable":true,"href":"https:\/\/binisrl.com\/de\/wp-json\/wp\/v2\/users\/1"}],"replies":[{"embeddable":true,"href":"https:\/\/binisrl.com\/de\/wp-json\/wp\/v2\/comments?post=2244"}],"version-history":[{"count":0,"href":"https:\/\/binisrl.com\/de\/wp-json\/wp\/v2\/pages\/2244\/revisions"}],"wp:attachment":[{"href":"https:\/\/binisrl.com\/de\/wp-json\/wp\/v2\/media?parent=2244"}],"curies":[{"name":"wp","href":"https:\/\/api.w.org\/{rel}","templated":true}]}}