{"id":2308,"date":"2020-10-22T10:43:01","date_gmt":"2020-10-22T08:43:01","guid":{"rendered":"https:\/\/binisrl.com\/prodotti-personalizzati\/"},"modified":"2022-02-07T10:26:32","modified_gmt":"2022-02-07T09:26:32","slug":"individualisierte-produkte","status":"publish","type":"page","link":"https:\/\/binisrl.com\/de\/individualisierte-produkte\/","title":{"rendered":"Individualisierte Produkte"},"content":{"rendered":"<p>[vc_row full_height=&#8220;yes&#8220; parallax=&#8220;enable_parallax&#8220; enable_overlay=&#8220;yes&#8220; overlay_bg=&#8220;linear-gradient(62deg, rgb(39, 54, 83) 0%, rgba(105, 140, 157, 255) 66.56050955414013%, rgb(147, 194, 203) 99.68152866242038%)&#8220; css=&#8220;.vc_custom_1603904546365{background-image: url(https:\/\/binisrl.com\/wp-content\/uploads\/2020\/10\/bini_cover_progetti_custom.jpg?id=1035) !important;background-position: center;background-repeat: no-repeat !important;background-size: cover !important;}&#8220;][vc_column][vc_row_inner][vc_column_inner width=&#8220;1\/2&#8243; enable_content_animation=&#8220;yes&#8220; animation_preset=&#8220;Fade In Up&#8220; ca_duration=&#8220;2000&#8243; ca_delay=&#8220;300&#8243;]<style>.ld_section_title_69f173eabf717 h1{color:rgba(255, 255, 255, 0.6);}<\/style><header class=\"fancy-title ld_section_title_69f173eabf717\">\n\t<h1>INDIVIDUALISIERTE PRODUKTE<\/h1>\t\t<\/header><style>.ld_section_title_69f173eabfc4d h2{font-size:1.3vw;font-weight:200;color:rgb(255, 255, 255);}<\/style><header class=\"fancy-title ld_section_title_69f173eabfc4d\">\n\t<h2>Das BINI Konstruktionsteam erstellt 2D und 3D Konstruktionen von jedem Detail und gew\u00e4hrleistet die komplette Produktindividualisierung, von den Abmessungen bis zur Elektrik.<\/h2>\t\t<\/header><style>.ld_spacer_69f173eabff26{height:50px;}<\/style>\n<div class=\"ld-empty-space ld_spacer_69f173eabff26\"><span class=\"liquid_empty_space_inner\"><\/span><\/div><style>.ld_button_69f173eac025e.btn-icon-solid .btn-icon{background:rgb(80, 128, 248);}.ld_button_69f173eac025e.btn-icon-circle.btn-icon-ripple .btn-icon:before{border-color:rgb(80, 128, 248);}.ld_button_69f173eac025e.btn-icon-solid:hover .btn-icon{background:rgb(255, 255, 255);}.ld_button_69f173eac025e .btn-icon{color:rgb(255, 255, 255);}.ld_button_69f173eac025e:hover .btn-icon{color:rgb(80, 128, 248);}.ld_button_69f173eac025e{background-color:rgb(80, 128, 248);border-color:rgb(80, 128, 248);color:rgb(255, 255, 255);}.ld_button_69f173eac025e:hover{background-color:rgb(255, 255, 255);border-color:rgb(255, 255, 255);color:rgb(80, 128, 248);}.ld_button_69f173eac025e .btn-gradient-bg-hover{background:-webkit-linear-gradient(to right, rgb(255, 255, 255) 0%, rgb(255, 255, 255) 100%);background:linear-gradient(to right, rgb(255, 255, 255) 0%, rgb(255, 255, 255) 100%);}.ld_button_69f173eac025e .btn-gradient-border defs stop:first-child{stop-color:rgb(80, 128, 248);}.ld_button_69f173eac025e .btn-gradient-border defs stop:last-child{stop-color:rgb(80, 128, 248);}.ld_button_69f173eac025e:hover .btn-gradient-border defs stop:first-child{stop-color:rgb(255, 255, 255);}.ld_button_69f173eac025e:hover .btn-gradient-border defs stop:last-child{stop-color:rgb(255, 255, 255);}<\/style><a href=\"#\" class=\"btn btn-solid text-uppercase round btn-bordered border-thin btn-icon-left pulsante-bini ld_button_69f173eac025e\" data-localscroll=\"true\" data-localscroll-options=\"{&quot;scrollBelowSection&quot;:true,&quot;scrollSpeed&quot;:&quot;4000&quot;}\">\n\t<span>\n\t\t\n\t\t\t\t\t<span class=\"btn-txt\">ERFAHREN SIE MEHR<\/span>\n\t\t\t\n\t<span class=\"btn-icon\"><i class=\"icon-arrows_slim_down\"><\/i><\/span>\t\t\t<\/span>\n<\/a>\n[\/vc_column_inner][vc_column_inner width=&#8220;1\/2&#8243;][\/vc_column_inner][\/vc_row_inner][\/vc_column][\/vc_row][vc_row css=&#8220;.vc_custom_1603361472805{padding-top: 10% !important;padding-bottom: 10% !important;}&#8220;][vc_column width=&#8220;2\/3&#8243; enable_content_animation=&#8220;yes&#8220; animation_preset=&#8220;Fade In Up&#8220; ca_duration=&#8220;2000&#8243; ca_delay=&#8220;300&#8243;]<style>.ld_section_title_69f173eac0672 div{font-size:24px;line-height:1.2em;font-weight:200;}<\/style><header class=\"fancy-title ld_section_title_69f173eac0672\">\n\t<div>MASSGESCHNEIDERTE L\u00d6SUNGEN<\/div>\t\t<\/header><style>.ld_section_title_69f173eac0858 div{font-size:2.5vw;line-height:1.2em;font-weight:700;}<\/style><header class=\"fancy-title ld_section_title_69f173eac0858\">\n\t<div>VON DER ANFORDERUNG BIS ZUM FERTIGEN PRODUKT<\/div>\t\t<\/header><style>.ld_spacer_69f173eac0a5d{height:20px;}<\/style>\n<div class=\"ld-empty-space ld_spacer_69f173eac0a5d\"><span class=\"liquid_empty_space_inner\"><\/span><\/div>[vc_column_text]<span style=\"font-weight: 400;\">Es kann vorkommen, dass w\u00e4hrend der Konstruktionsphasen eines neuen Bagger-, Kran- oder Arbeitsmaschinenmodells festgestellt wird, dass einige der auf dem Markt erh\u00e4ltlichen Standardkomponenten nicht f\u00fcr die vorgesehenen Eigenschaften und Funktionsziele geeignet sind.<\/span><br \/>\n<span style=\"font-weight: 400;\"><strong>Unsere Abteilung f\u00fcr Forschung&amp;Entwicklung<\/strong> <strong>f\u00fchrt 2D- und 3D-Studien durch zur Entwicklung individualisierter Drehdurchf\u00fchrungen und Schleifringe.<\/strong><\/span><br \/>\n<span style=\"font-weight: 400;\">Wir freuen uns, unsere Branchenerfahrung, unser Fachwissen und unser Konstruktionsteam mit unseren Kunden zu teilen. Indem wir jedes Konstruktionsdetail um die kundenspezifischen Anforderungen planen, gew\u00e4hrleisten wir ein H\u00f6chstma\u00df an Qualit\u00e4t und technischer Innovation. {ut}So entstehen von Fall zu Fall die effizientesten L\u00f6sungen, gem\u00e4\u00df den geforderten Produkteigenschaften.<\/span>[\/vc_column_text]<style>.ld_spacer_69f173eac0c23{height:20px;}<\/style>\n<div class=\"ld-empty-space ld_spacer_69f173eac0c23\"><span class=\"liquid_empty_space_inner\"><\/span><\/div>[vc_column_text]<strong>Unsere individualisierten Produkte kommen in folgenden Bereichen zum Einsatz:<\/strong><\/p>\n<ul>\n<li><span style=\"color: #273653;\"><a style=\"color: #273653;\" href=\"https:\/\/binisrl.com\/de\/applicazioni\/erdbewegung\/\"><span style=\"font-weight: 400;\">ERDBEWEGUNG<\/span><\/a><\/span><\/li>\n<li><span style=\"color: #273653;\"><a style=\"color: #273653;\" href=\"https:\/\/binisrl.com\/de\/applicazioni\/krane\/\"><span style=\"font-weight: 400;\">KRANE<\/span><\/a><\/span><\/li>\n<li><span style=\"color: #273653;\"><a style=\"color: #273653;\" href=\"https:\/\/binisrl.com\/de\/applicazioni\/forstmaschinen\/\"><span style=\"font-weight: 400;\">FORSTMASCHINEN<\/span><\/a><\/span><\/li>\n<li><span style=\"color: #273653;\"><a style=\"color: #273653;\" href=\"https:\/\/binisrl.com\/de\/applicazioni\/hubarbeitsbuehnen\/\"><span style=\"font-weight: 400;\">HUBARBEITSB\u00dcHNEN<\/span><\/a><\/span><\/li>\n<li><span style=\"color: #273653;\"><a style=\"color: #273653;\" href=\"https:\/\/binisrl.com\/de\/applicazioni\/landwirtschaft\/\"><span style=\"font-weight: 400;\">LANDMASCHINE<\/span><\/a><\/span><\/li>\n<li><a href=\"https:\/\/binisrl.com\/de\/applicazioni\/industrie\/\"><span style=\"font-weight: 400; color: #273653;\">FERTIGENDE INDUSTRIE<\/span><\/a><\/li>\n<li><span style=\"color: #273653;\"><a style=\"color: #273653;\" href=\"https:\/\/binisrl.com\/de\/applicazioni\/militaerindustrie\/\"><span style=\"font-weight: 400;\">MILIT\u00c4RINDUSTRIE<\/span><\/a><\/span><\/li>\n<li><span style=\"color: #273653;\"><a style=\"color: #273653;\" href=\"https:\/\/binisrl.com\/de\/applicazioni\/siderurgico\/\"><span style=\"font-weight: 400;\">STAHLINDUSTRIE<\/span><\/a><\/span><\/li>\n<\/ul>\n<p>[\/vc_column_text][\/vc_column][vc_column width=&#8220;1\/3&#8243;][\/vc_column][\/vc_row][vc_row][vc_column]<style>.ld_section_title_69f173eac0ecf h3{font-weight:700;}<\/style><header class=\"fancy-title text-center ld_section_title_69f173eac0ecf vc_custom_1616661113423\">\n\t<h3>AUSGEW\u00c4HLTE BEISPIELE INDIVIDUALISIERTER PRODUKTE<\/h3>\t\t<\/header>[\/vc_column][\/vc_row][vc_row full_width=&#8220;stretch_row&#8220; gap=&#8220;0&#8243; equal_height=&#8220;yes&#8220; css_animation=&#8220;fadeIn&#8220;][vc_column width=&#8220;1\/3&#8243; css=&#8220;.vc_custom_1603964840368{background-image: url(https:\/\/binisrl.com\/wp-content\/uploads\/2020\/10\/distributore_rotante_10_vie.jpg?id=1040) !important;background-position: center !important;background-repeat: no-repeat !important;background-size: cover !important;}&#8220;][\/vc_column][vc_column width=&#8220;1\/3&#8243; enable_content_animation=&#8220;yes&#8220; animation_preset=&#8220;Fade In Up&#8220; css=&#8220;.vc_custom_1603965095117{padding-top: 36px !important;padding-right: 36px !important;padding-bottom: 36px !important;padding-left: 36px !important;background-color: #ffffff !important;}&#8220; ca_duration=&#8220;2000&#8243; ca_delay=&#8220;300&#8243; gradient_bg_color=&#8220;-webkit-linear-gradient(62deg, rgb(39, 54, 83) 0%, rgb(105, 140, 157) 66.5605%, rgb(147, 194, 203) 99.6815%)&#8220;]<style>.ld_spacer_69f173eac1180{height:100px;}<\/style>\n<div class=\"ld-empty-space ld_spacer_69f173eac1180\"><span class=\"liquid_empty_space_inner\"><\/span><\/div>[vc_column_text el_class=&#8220;testo-bianco&#8220;]Drehdurchf\u00fchrung f\u00fcr Hydraulik\u00f6l mit gro\u00dfem Frischwasserdurchlass.<br \/>\nDer integrierte Schleifring besitzt 50 Kontakte.<\/p>\n<p>[\/vc_column_text]<style>.ld_spacer_69f173eac13e5{height:100px;}<\/style>\n<div class=\"ld-empty-space ld_spacer_69f173eac13e5\"><span class=\"liquid_empty_space_inner\"><\/span><\/div>[\/vc_column][vc_column width=&#8220;1\/3&#8243; enable_content_animation=&#8220;yes&#8220; animation_preset=&#8220;Fade In Up&#8220; ca_duration=&#8220;2000&#8243; ca_delay=&#8220;300&#8243;][\/vc_column][\/vc_row][vc_row full_width=&#8220;stretch_row&#8220; gap=&#8220;0&#8243; equal_height=&#8220;yes&#8220; css_animation=&#8220;fadeIn&#8220;][vc_column width=&#8220;1\/3&#8243; enable_content_animation=&#8220;yes&#8220; animation_preset=&#8220;Fade In Up&#8220; ca_duration=&#8220;2000&#8243; ca_delay=&#8220;300&#8243;][\/vc_column][vc_column width=&#8220;1\/3&#8243; css=&#8220;.vc_custom_1603966758359{background-image: url(https:\/\/binisrl.com\/wp-content\/uploads\/2020\/10\/distributore_rotante_24_vie.jpg?id=1047) !important;background-position: center !important;background-repeat: no-repeat !important;background-size: cover !important;}&#8220;][\/vc_column][vc_column width=&#8220;1\/3&#8243; enable_content_animation=&#8220;yes&#8220; animation_preset=&#8220;Fade In Up&#8220; css=&#8220;.vc_custom_1603965095117{padding-top: 36px !important;padding-right: 36px !important;padding-bottom: 36px !important;padding-left: 36px !important;background-color: #ffffff !important;}&#8220; ca_duration=&#8220;2000&#8243; ca_delay=&#8220;300&#8243; gradient_bg_color=&#8220;-webkit-linear-gradient(62deg, rgb(39, 54, 83) 0%, rgb(105, 140, 157) 66.5605%, rgb(147, 194, 203) 99.6815%)&#8220;]<style>.ld_spacer_69f173eac18fd{height:100px;}<\/style>\n<div class=\"ld-empty-space ld_spacer_69f173eac18fd\"><span class=\"liquid_empty_space_inner\"><\/span><\/div>[vc_column_text el_class=&#8220;testo-bianco&#8220;]Drehdurchf\u00fchrung mit \u00fcber 25 Hydraulikwegen und Schleifring mit 80 Kontakten.<br \/>\nDie L\u00e4nge in Achsrichtung dieser Produkte betr\u00e4gt 1500 mm.<\/p>\n<p>[\/vc_column_text]<style>.ld_spacer_69f173eac1b28{height:100px;}<\/style>\n<div class=\"ld-empty-space ld_spacer_69f173eac1b28\"><span class=\"liquid_empty_space_inner\"><\/span><\/div>[\/vc_column][\/vc_row][vc_row full_width=&#8220;stretch_row&#8220; gap=&#8220;0&#8243; equal_height=&#8220;yes&#8220; css_animation=&#8220;fadeIn&#8220;][vc_column width=&#8220;1\/3&#8243; css=&#8220;.vc_custom_1603362530959{background-image: url(https:\/\/binisrl.com\/wp-content\/uploads\/2020\/10\/distributore_rotante_14_vie.jpg?id=950) !important;background-position: center !important;background-repeat: no-repeat !important;background-size: cover !important;}&#8220;][\/vc_column][vc_column width=&#8220;1\/3&#8243; enable_content_animation=&#8220;yes&#8220; animation_preset=&#8220;Fade In Up&#8220; css=&#8220;.vc_custom_1600769397429{padding-top: 36px !important;padding-right: 36px !important;padding-bottom: 36px !important;padding-left: 36px !important;background-color: #ffffff !important;}&#8220; ca_duration=&#8220;2000&#8243; ca_delay=&#8220;300&#8243;]<style>.ld_spacer_69f173eac1e49{height:100px;}<\/style>\n<div class=\"ld-empty-space ld_spacer_69f173eac1e49\"><span class=\"liquid_empty_space_inner\"><\/span><\/div>[vc_column_text]Drehdurchf\u00fchrung mit 14 Wegen f\u00fcr Hydraulik\u00f6l und 2 Wegen f\u00fcr Glykol-Wassergemische.<br \/>\nSchleifring mit internem Drehgeber.[\/vc_column_text]<style>.ld_spacer_69f173eac20a1{height:100px;}<\/style>\n<div class=\"ld-empty-space ld_spacer_69f173eac20a1\"><span class=\"liquid_empty_space_inner\"><\/span><\/div>[\/vc_column][vc_column width=&#8220;1\/3&#8243; enable_content_animation=&#8220;yes&#8220; animation_preset=&#8220;Fade In Up&#8220; ca_duration=&#8220;2000&#8243; ca_delay=&#8220;300&#8243;][\/vc_column][\/vc_row][vc_row full_width=&#8220;stretch_row&#8220; gap=&#8220;0&#8243; equal_height=&#8220;yes&#8220; css_animation=&#8220;fadeIn&#8220;][vc_column width=&#8220;1\/3&#8243; enable_content_animation=&#8220;yes&#8220; animation_preset=&#8220;Fade In Up&#8220; ca_duration=&#8220;2000&#8243; ca_delay=&#8220;300&#8243;][\/vc_column][vc_column width=&#8220;1\/3&#8243; css=&#8220;.vc_custom_1603372651355{background-image: url(https:\/\/binisrl.com\/wp-content\/uploads\/2020\/10\/distributore_rotante_4_vie-1.jpg?id=963) !important;background-position: center !important;background-repeat: no-repeat !important;background-size: cover !important;}&#8220;][\/vc_column][vc_column width=&#8220;1\/3&#8243; enable_content_animation=&#8220;yes&#8220; animation_preset=&#8220;Fade In Up&#8220; css=&#8220;.vc_custom_1600769397429{padding-top: 36px !important;padding-right: 36px !important;padding-bottom: 36px !important;padding-left: 36px !important;background-color: #ffffff !important;}&#8220; ca_duration=&#8220;2000&#8243; ca_delay=&#8220;300&#8243;]<style>.ld_spacer_69f173eac22b7{height:100px;}<\/style>\n<div class=\"ld-empty-space ld_spacer_69f173eac22b7\"><span class=\"liquid_empty_space_inner\"><\/span><\/div>[vc_column_text]4-Wege-Drehdurchf\u00fchrung f\u00fcr Druckluft.[\/vc_column_text]<style>.ld_spacer_69f173eac24bb{height:100px;}<\/style>\n<div class=\"ld-empty-space ld_spacer_69f173eac24bb\"><span class=\"liquid_empty_space_inner\"><\/span><\/div>[\/vc_column][\/vc_row][vc_row full_width=&#8220;stretch_row&#8220; gap=&#8220;0&#8243; equal_height=&#8220;yes&#8220; css_animation=&#8220;fadeIn&#8220;][vc_column width=&#8220;1\/3&#8243; css=&#8220;.vc_custom_1603363979057{background-image: url(https:\/\/binisrl.com\/wp-content\/uploads\/2020\/10\/distributore_rotante_22_vie.jpg?id=960) !important;background-position: center !important;background-repeat: no-repeat !important;background-size: cover !important;}&#8220;][\/vc_column][vc_column width=&#8220;1\/3&#8243; enable_content_animation=&#8220;yes&#8220; animation_preset=&#8220;Fade In Up&#8220; css=&#8220;.vc_custom_1600769397429{padding-top: 36px !important;padding-right: 36px !important;padding-bottom: 36px !important;padding-left: 36px !important;background-color: #ffffff !important;}&#8220; ca_duration=&#8220;2000&#8243; ca_delay=&#8220;300&#8243;]<style>.ld_spacer_69f173eac2859{height:100px;}<\/style>\n<div class=\"ld-empty-space ld_spacer_69f173eac2859\"><span class=\"liquid_empty_space_inner\"><\/span><\/div>[vc_column_text]<span style=\"font-weight: 400;\">Hydraulische Drehdurchf\u00fchrung mit 22 Wegen f\u00fcr Dr\u00fccke bis 700 bar.\u00a0<\/span>[\/vc_column_text]<style>.ld_spacer_69f173eac2a99{height:100px;}<\/style>\n<div class=\"ld-empty-space ld_spacer_69f173eac2a99\"><span class=\"liquid_empty_space_inner\"><\/span><\/div>[\/vc_column][vc_column width=&#8220;1\/3&#8243; enable_content_animation=&#8220;yes&#8220; animation_preset=&#8220;Fade In Up&#8220; ca_duration=&#8220;2000&#8243; ca_delay=&#8220;300&#8243;][\/vc_column][\/vc_row][vc_row full_width=&#8220;stretch_row&#8220; gap=&#8220;0&#8243; equal_height=&#8220;yes&#8220; css_animation=&#8220;fadeIn&#8220;][vc_column width=&#8220;1\/3&#8243; enable_content_animation=&#8220;yes&#8220; animation_preset=&#8220;Fade In Up&#8220; ca_duration=&#8220;2000&#8243; ca_delay=&#8220;300&#8243;][\/vc_column][vc_column width=&#8220;1\/3&#8243; css=&#8220;.vc_custom_1603372672482{background-image: url(https:\/\/binisrl.com\/wp-content\/uploads\/2020\/10\/distributore_rotante_4_vie_2.jpg?id=964) !important;background-position: center !important;background-repeat: no-repeat !important;background-size: cover !important;}&#8220;][\/vc_column][vc_column width=&#8220;1\/3&#8243; enable_content_animation=&#8220;yes&#8220; animation_preset=&#8220;Fade In Up&#8220; css=&#8220;.vc_custom_1600769397429{padding-top: 36px !important;padding-right: 36px !important;padding-bottom: 36px !important;padding-left: 36px !important;background-color: #ffffff !important;}&#8220; ca_duration=&#8220;2000&#8243; ca_delay=&#8220;300&#8243;]<style>.ld_spacer_69f173eac2cc2{height:100px;}<\/style>\n<div class=\"ld-empty-space ld_spacer_69f173eac2cc2\"><span class=\"liquid_empty_space_inner\"><\/span><\/div>[vc_column_text]<span style=\"font-weight: 400;\">Hydraulische Drehdurchf\u00fchrung f\u00fcr Frischwasser.\u00a0<\/span>[\/vc_column_text]<style>.ld_spacer_69f173eac2ed1{height:100px;}<\/style>\n<div class=\"ld-empty-space ld_spacer_69f173eac2ed1\"><span class=\"liquid_empty_space_inner\"><\/span><\/div>[\/vc_column][\/vc_row][vc_row full_width=&#8220;stretch_row&#8220; gap=&#8220;0&#8243; equal_height=&#8220;yes&#8220; css_animation=&#8220;fadeIn&#8220;][vc_column width=&#8220;1\/3&#8243; css=&#8220;.vc_custom_1603968630880{background-image: url(https:\/\/binisrl.com\/wp-content\/uploads\/2020\/10\/distributore_rotante_10_vie_3.jpg?id=1055) !important;background-position: center !important;background-repeat: no-repeat !important;background-size: cover !important;}&#8220;][\/vc_column][vc_column width=&#8220;1\/3&#8243; enable_content_animation=&#8220;yes&#8220; animation_preset=&#8220;Fade In Up&#8220; css=&#8220;.vc_custom_1600769397429{padding-top: 36px !important;padding-right: 36px !important;padding-bottom: 36px !important;padding-left: 36px !important;background-color: #ffffff !important;}&#8220; ca_duration=&#8220;2000&#8243; ca_delay=&#8220;300&#8243;]<style>.ld_spacer_69f173eac30ee{height:100px;}<\/style>\n<div class=\"ld-empty-space ld_spacer_69f173eac30ee\"><span class=\"liquid_empty_space_inner\"><\/span><\/div>[vc_column_text]<span style=\"font-weight: 400;\">Hydraulische Drehdurchf\u00fchrung f\u00fcr Seewasser.\u00a0<\/span>[\/vc_column_text]<style>.ld_spacer_69f173eac3348{height:100px;}<\/style>\n<div class=\"ld-empty-space ld_spacer_69f173eac3348\"><span class=\"liquid_empty_space_inner\"><\/span><\/div>[\/vc_column][vc_column width=&#8220;1\/3&#8243; enable_content_animation=&#8220;yes&#8220; animation_preset=&#8220;Fade In Up&#8220; ca_duration=&#8220;2000&#8243; ca_delay=&#8220;300&#8243;][\/vc_column][\/vc_row][vc_row full_width=&#8220;stretch_row&#8220; gap=&#8220;0&#8243; equal_height=&#8220;yes&#8220; css_animation=&#8220;fadeIn&#8220;][vc_column width=&#8220;1\/3&#8243; enable_content_animation=&#8220;yes&#8220; animation_preset=&#8220;Fade In Up&#8220; ca_duration=&#8220;2000&#8243; ca_delay=&#8220;300&#8243;][\/vc_column][vc_column width=&#8220;1\/3&#8243; css=&#8220;.vc_custom_1603375795897{background-image: url(https:\/\/binisrl.com\/wp-content\/uploads\/2020\/10\/distributore_rotante_15_vie.jpg?id=970) !important;background-position: center !important;background-repeat: no-repeat !important;background-size: cover !important;}&#8220;][\/vc_column][vc_column width=&#8220;1\/3&#8243; enable_content_animation=&#8220;yes&#8220; animation_preset=&#8220;Fade In Up&#8220; css=&#8220;.vc_custom_1600769397429{padding-top: 36px !important;padding-right: 36px !important;padding-bottom: 36px !important;padding-left: 36px !important;background-color: #ffffff !important;}&#8220; ca_duration=&#8220;2000&#8243; ca_delay=&#8220;300&#8243;]<style>.ld_spacer_69f173eac3560{height:100px;}<\/style>\n<div class=\"ld-empty-space ld_spacer_69f173eac3560\"><span class=\"liquid_empty_space_inner\"><\/span><\/div>[vc_column_text]<span style=\"font-weight: 400;\">Drehdurchf\u00fchrung f\u00fcr Hydaraulik\u00f6l und Druckluft.\u00a0<\/span>[\/vc_column_text]<style>.ld_spacer_69f173eac376d{height:100px;}<\/style>\n<div class=\"ld-empty-space ld_spacer_69f173eac376d\"><span class=\"liquid_empty_space_inner\"><\/span><\/div>[\/vc_column][\/vc_row][vc_row][vc_column]<style>.ld_spacer_69f173eac3989{height:100px;}<\/style>\n<div class=\"ld-empty-space ld_spacer_69f173eac3989\"><span class=\"liquid_empty_space_inner\"><\/span><\/div>[\/vc_column][\/vc_row][vc_row full_width=&#8220;stretch_row&#8220; equal_height=&#8220;yes&#8220;][vc_column width=&#8220;1\/3&#8243;][vc_raw_html]JTVCZ2FtbWEtcHJvZG90dGklMjB1cmwlM0QlMjIlMkZkZSUyRnByb2R1a3RlJTJGJTIyJTVE[\/vc_raw_html][\/vc_column][vc_column width=&#8220;1\/3&#8243;][vc_raw_html]JTVCcHJldmVudGl2byU1RA==[\/vc_raw_html][\/vc_column][vc_column width=&#8220;1\/3&#8243;][\/vc_column][\/vc_row][vc_row][vc_column]<style>.ld_spacer_69f173eac3b83{height:100px;}<\/style>\n<div class=\"ld-empty-space ld_spacer_69f173eac3b83\"><span class=\"liquid_empty_space_inner\"><\/span><\/div>[\/vc_column][\/vc_row]<\/p>\n","protected":false},"excerpt":{"rendered":"<p>[vc_row full_height=&#8220;yes&#8220; parallax=&#8220;enable_parallax&#8220; enable_overlay=&#8220;yes&#8220; overlay_bg=&#8220;linear-gradient(62deg, rgb(39, 54, 83) 0%, rgba(105, 140, 157, 255) 66.56050955414013%, rgb(147,&#8230;<\/p>\n","protected":false},"author":1,"featured_media":0,"parent":0,"menu_order":0,"comment_status":"closed","ping_status":"closed","template":"","meta":[],"yoast_head":"<!-- This site is optimized with the Yoast SEO plugin v17.3 - https:\/\/yoast.com\/wordpress\/plugins\/seo\/ -->\n<title>Individualisierte Produkte - Bini Officine<\/title>\n<meta name=\"robots\" content=\"index, follow, max-snippet:-1, max-image-preview:large, max-video-preview:-1\" \/>\n<link rel=\"canonical\" href=\"https:\/\/binisrl.com\/de\/individualisierte-produkte\/\" \/>\n<meta property=\"og:locale\" content=\"de_DE\" \/>\n<meta property=\"og:type\" content=\"article\" \/>\n<meta property=\"og:title\" content=\"Individualisierte Produkte - Bini Officine\" \/>\n<meta property=\"og:description\" content=\"[vc_row full_height=&#8220;yes&#8220; parallax=&#8220;enable_parallax&#8220; enable_overlay=&#8220;yes&#8220; overlay_bg=&#8220;linear-gradient(62deg, rgb(39, 54, 83) 0%, rgba(105, 140, 157, 255) 66.56050955414013%, rgb(147,...\" \/>\n<meta property=\"og:url\" content=\"https:\/\/binisrl.com\/de\/individualisierte-produkte\/\" \/>\n<meta property=\"og:site_name\" content=\"Bini Officine\" \/>\n<meta property=\"article:modified_time\" content=\"2022-02-07T09:26:32+00:00\" \/>\n<meta name=\"twitter:card\" content=\"summary_large_image\" \/>\n<meta name=\"twitter:label1\" content=\"Gesch\u00e4tzte Lesezeit\" \/>\n\t<meta name=\"twitter:data1\" content=\"4 Minuten\" \/>\n<script type=\"application\/ld+json\" class=\"yoast-schema-graph\">{\"@context\":\"https:\/\/schema.org\",\"@graph\":[{\"@type\":\"WebSite\",\"@id\":\"https:\/\/binisrl.com\/#website\",\"url\":\"https:\/\/binisrl.com\/\",\"name\":\"Bini Officine\",\"description\":\"Swivel Joints Since 1955\",\"potentialAction\":[{\"@type\":\"SearchAction\",\"target\":{\"@type\":\"EntryPoint\",\"urlTemplate\":\"https:\/\/binisrl.com\/?s={search_term_string}\"},\"query-input\":\"required name=search_term_string\"}],\"inLanguage\":\"de-DE\"},{\"@type\":\"WebPage\",\"@id\":\"https:\/\/binisrl.com\/de\/individualisierte-produkte\/#webpage\",\"url\":\"https:\/\/binisrl.com\/de\/individualisierte-produkte\/\",\"name\":\"Individualisierte Produkte - Bini Officine\",\"isPartOf\":{\"@id\":\"https:\/\/binisrl.com\/#website\"},\"datePublished\":\"2020-10-22T08:43:01+00:00\",\"dateModified\":\"2022-02-07T09:26:32+00:00\",\"breadcrumb\":{\"@id\":\"https:\/\/binisrl.com\/de\/individualisierte-produkte\/#breadcrumb\"},\"inLanguage\":\"de-DE\",\"potentialAction\":[{\"@type\":\"ReadAction\",\"target\":[\"https:\/\/binisrl.com\/de\/individualisierte-produkte\/\"]}]},{\"@type\":\"BreadcrumbList\",\"@id\":\"https:\/\/binisrl.com\/de\/individualisierte-produkte\/#breadcrumb\",\"itemListElement\":[{\"@type\":\"ListItem\",\"position\":1,\"name\":\"Home\",\"item\":\"https:\/\/binisrl.com\/de\/\"},{\"@type\":\"ListItem\",\"position\":2,\"name\":\"Individualisierte Produkte\"}]}]}<\/script>\n<!-- \/ Yoast SEO plugin. -->","yoast_head_json":{"title":"Individualisierte Produkte - Bini Officine","robots":{"index":"index","follow":"follow","max-snippet":"max-snippet:-1","max-image-preview":"max-image-preview:large","max-video-preview":"max-video-preview:-1"},"canonical":"https:\/\/binisrl.com\/de\/individualisierte-produkte\/","og_locale":"de_DE","og_type":"article","og_title":"Individualisierte Produkte - Bini Officine","og_description":"[vc_row full_height=&#8220;yes&#8220; parallax=&#8220;enable_parallax&#8220; enable_overlay=&#8220;yes&#8220; overlay_bg=&#8220;linear-gradient(62deg, rgb(39, 54, 83) 0%, rgba(105, 140, 157, 255) 66.56050955414013%, rgb(147,...","og_url":"https:\/\/binisrl.com\/de\/individualisierte-produkte\/","og_site_name":"Bini Officine","article_modified_time":"2022-02-07T09:26:32+00:00","twitter_card":"summary_large_image","twitter_misc":{"Gesch\u00e4tzte Lesezeit":"4 Minuten"},"schema":{"@context":"https:\/\/schema.org","@graph":[{"@type":"WebSite","@id":"https:\/\/binisrl.com\/#website","url":"https:\/\/binisrl.com\/","name":"Bini Officine","description":"Swivel Joints Since 1955","potentialAction":[{"@type":"SearchAction","target":{"@type":"EntryPoint","urlTemplate":"https:\/\/binisrl.com\/?s={search_term_string}"},"query-input":"required name=search_term_string"}],"inLanguage":"de-DE"},{"@type":"WebPage","@id":"https:\/\/binisrl.com\/de\/individualisierte-produkte\/#webpage","url":"https:\/\/binisrl.com\/de\/individualisierte-produkte\/","name":"Individualisierte Produkte - Bini Officine","isPartOf":{"@id":"https:\/\/binisrl.com\/#website"},"datePublished":"2020-10-22T08:43:01+00:00","dateModified":"2022-02-07T09:26:32+00:00","breadcrumb":{"@id":"https:\/\/binisrl.com\/de\/individualisierte-produkte\/#breadcrumb"},"inLanguage":"de-DE","potentialAction":[{"@type":"ReadAction","target":["https:\/\/binisrl.com\/de\/individualisierte-produkte\/"]}]},{"@type":"BreadcrumbList","@id":"https:\/\/binisrl.com\/de\/individualisierte-produkte\/#breadcrumb","itemListElement":[{"@type":"ListItem","position":1,"name":"Home","item":"https:\/\/binisrl.com\/de\/"},{"@type":"ListItem","position":2,"name":"Individualisierte Produkte"}]}]}},"_links":{"self":[{"href":"https:\/\/binisrl.com\/de\/wp-json\/wp\/v2\/pages\/2308"}],"collection":[{"href":"https:\/\/binisrl.com\/de\/wp-json\/wp\/v2\/pages"}],"about":[{"href":"https:\/\/binisrl.com\/de\/wp-json\/wp\/v2\/types\/page"}],"author":[{"embeddable":true,"href":"https:\/\/binisrl.com\/de\/wp-json\/wp\/v2\/users\/1"}],"replies":[{"embeddable":true,"href":"https:\/\/binisrl.com\/de\/wp-json\/wp\/v2\/comments?post=2308"}],"version-history":[{"count":0,"href":"https:\/\/binisrl.com\/de\/wp-json\/wp\/v2\/pages\/2308\/revisions"}],"wp:attachment":[{"href":"https:\/\/binisrl.com\/de\/wp-json\/wp\/v2\/media?parent=2308"}],"curies":[{"name":"wp","href":"https:\/\/api.w.org\/{rel}","templated":true}]}}