{"id":2458,"date":"2020-09-14T15:12:56","date_gmt":"2020-09-14T13:12:56","guid":{"rendered":"https:\/\/binisrl.com\/privacy-policy\/"},"modified":"2021-03-26T11:56:56","modified_gmt":"2021-03-26T10:56:56","slug":"datenschutzerklaerung","status":"publish","type":"page","link":"https:\/\/binisrl.com\/de\/datenschutzerklaerung\/","title":{"rendered":"Datenschutzerkl\u00e4rung"},"content":{"rendered":"<p>[vc_row css=&#8220;.vc_custom_1609325839791{padding-top: 10% !important;}&#8220;][vc_column]<style>.ld_section_title_69e210333b70c h1{font-size:40px;}<\/style><header class=\"fancy-title ld_section_title_69e210333b70c\">\n\t<h1>Datenschutzerkl\u00e4rung f\u00fcr Website-Nutzer<\/h1>\t\t<\/header>[vc_column_text]<\/p>\n<h3>VORBEMERKUNGEN<\/h3>\n<p>BINI S.r.l misst dem Schutz der Privatsph\u00e4re der Benutzer und Besucher seiner Website grundlegende Bedeutung bei und garantiert, dass die Verarbeitung der personenbezogenen Daten unter Ber\u00fccksichtigung der grundlegenden Rechte und Freiheiten sowie der W\u00fcrde der betroffenen Person mit besonderem Bezug auf die Geheimhaltung, die pers\u00f6nliche Identit\u00e4t und das Recht auf Schutz der personenbezogenen Daten erfolgt. In diesem Zusammenhang hat BINI S.r.l eine Datenschutzerkl\u00e4rung f\u00fcr alles, was die Verwaltung der eigenen Website (und aller darin enthaltenen Dienstleistungen) mit Bezug auf die Verarbeitung personenbezogener Daten der Benutzer und Besucher betrifft, erstellt und umgesetzt.<br \/>\nWir bitten Sie, die folgende Datenschutzerkl\u00e4rung jetzt und in Zukunft in regelm\u00e4\u00dfigen Abst\u00e4nden zu lesen, um sich \u00fcber eventuelle Neuerungen oder \u00c4nderungen auf dem Laufenden zu halten.<br \/>\nDie Verordnung (EU) 2016\/679 (europ\u00e4ische Datenschutzgrundverordnung, im Folgenden auch DSGVO) begr\u00fcndet die Verpflichtung, betroffene Personen \u00fcber bestimmte grundlegende Elemente (gem\u00e4\u00df Artikel 13 und 14) bez\u00fcglich der Verarbeitung ihrer personenbezogenen Daten zu informieren. BINI S.r.l. kommt dem in vollem Umfang nach und informiert Sie entsprechend:<\/p>\n<h3>DATENVERANTWORTLICHER UND DATENSCHUTZBEAUFTRAGTER<\/h3>\n<p>Verantwortlicher f\u00fcr die Datenerhebung und Verarbeitung ist BINI S.r.l.,<br \/>\nVia Porrettana Nord, 33 \u2013 40043 Marzabotto (BO) &#8211; Italy<br \/>\nTel. +39 051-932836 \/ e-mail: <a href=\"mailto:amministrazione@biniofficine.com\">amministrazione@biniofficine.com<\/a><\/p>\n<p>Gem\u00e4\u00df den Ausnahmeregelungen in Art. 37 der DSGVO hat BINI S.r.l. keinen Datenschutzbeauftragten benannt.<\/p>\n<h3>ZWECK DER VERARBEITUNG<\/h3>\n<p>Personenbezogene Daten, die in \u00dcbereinstimmung mit der geltenden Gesetzgebung erhoben werden, werden zu institutionellen Zwecken verarbeitet, die mit dem Zugang zu dieser Website zusammenh\u00e4ngen und\/oder dazu dienen, den Zugang zu dieser Website zu erm\u00f6glichen, einschlie\u00dflich etwaiger vom Benutzer angeforderten Zusatzdienste, und insbesondere:um eine Dienstleistung zu erbringen (z. B. Zugang zur Website mit all ihren Funktionalit\u00e4ten).<\/p>\n<ul>\n<li>Zu diesem Zweck k\u00f6nnen die personenbezogenen Daten an Dritte weitergegeben werden, mit denen BINI S.r.l. f\u00fcr die Erf\u00fcllung der oben genannten Zwecke zusammenarbeiten kann\/muss.<\/li>\n<li>Eine Nutzung der Website ist auch ohne Angabe personenbezogener Daten m\u00f6glich, allerdings k\u00f6nnten dann bestimmte Funktionalit\u00e4ten nicht zug\u00e4nglich sein und bestimmte Dienste nicht bereitgestellt werden; f\u00fcr betriebliche und verwaltungstechnische Bed\u00fcrfnisse, die intern bei BINI S.r.l. anfallen und mit den angebotenen Dienstleistungen verbunden sind;<\/li>\n<li>zur Erf\u00fcllung gesetzlicher Verpflichtungen.<\/li>\n<\/ul>\n<h3>ARTEN VON DATEN, DIE VERARBEITET WERDENI<\/h3>\n<p><strong>Navigationsdaten<\/strong><br \/>\nDie computergest\u00fctzten Systeme und die Software, die die Funktionen dieser Website unterst\u00fctzen, erfassen w\u00e4hrend ihres normalen Betriebs bestimmte personenbezogene Daten, deren \u00dcbertragung bei der Verwendung von Internet-Kommunikationsprotokollen implizit ist.<br \/>\nDiese Daten werden nicht mit dem Ziel erhoben, die betroffene Person zu identifizieren, aber sie k\u00f6nnten in Verbindung mit personenbezogenen Daten im Besitz von Dritten zur Identifizierung der betroffenen Person verwendet werden.<br \/>\nDiese Daten dienen ausschlie\u00dflich dem Zweck, anonyme statistische Informationen \u00fcber die Nutzung der Website zu erhalten und ihr korrektes Funktionieren zu \u00fcberpr\u00fcfen und werden nach der Verarbeitung sofort gel\u00f6scht. Diese Daten k\u00f6nnten im Falle von Cyber-Delikten gegen die Website f\u00fcr die Ermittlung der Verantwortlichen verwendet werden.<\/p>\n<p><strong>Freiwillig vom Benutzer bereitgestellte Daten<\/strong><br \/>\nDie freiwillige, explizite und fakultative \u00dcbermittlung von personenbezogenen Daten an diese Website \u00fcber die ausf\u00fcllbaren Formulare oder die anderen angegebene Kan\u00e4le zur Kontaktaufnahme, hat die nachfolgende Erfassung der E-Mail-Adresse des Benutzers zur Folge, um auf Anfragen zu antworten, sowie etwaiger anderer personenbezogener Daten, die je nach Art der angeforderten Dienstleistung mitgeteilt werden.<\/p>\n<h3>ART DER VERARBEITUNG UND AUFBEWAHRUNGSDAUER<\/h3>\n<p>Die Verarbeitung Ihrer personenbezogenen Daten erfolgt in elektronischer oder gedruckter Form unter strikter Einhaltung der Datenschutzbestimmungen und der Vertraulichkeit. Ihre personenbezogenen Daten werden so lange aufbewahrt, wie es zur Erf\u00fcllung der Zwecke, f\u00fcr die sie erhoben wurden, erforderlich ist, oder bis Sie ausdr\u00fccklich deren L\u00f6schung verlangen (siehe Abschnitt \u201eRechte der betroffenen Person\u201c). W\u00e4hrend der gesamten Aufbewahrungsdauer werden Ihre personenbezogenen Daten stets in \u00dcbereinstimmung mit den geltenden Vorschriften archiviert.<\/p>\n<h3>WEITERGABE UND\/ODER VER\u00d6FFENTLICHUNG VON PERSONENBEZOGENEN DATEN<\/h3>\n<p>Ihre personenbezogenen Daten werden nicht ver\u00f6ffentlicht, womit gemeint ist, dass sie in keinerlei Weise unbestimmten Personen oder Einrichtungen offengelegt werden, auch nicht durch Zurverf\u00fcgungstellung oder Abfrage. Es wird au\u00dferdem gew\u00e4hrleistet, dass die Verarbeitung unter Minimierung der Verwendung von personenbezogen und identifizierenden Daten durchgef\u00fchrt wird, indem ihre Verwendung auf die F\u00e4lle beschr\u00e4nkt wird, in denen sie unbedingt notwendig ist, um die Zwecke zu erreichen, f\u00fcr die sie erhoben wurden.<br \/>\nBINI S.r.l. garantiert auch die Annahme und Einhaltung spezifischer Sicherheitsma\u00dfnahmen, um den Verlust von Daten und jede illegale oder falsche Verwendung derselben zu verhindern.<\/p>\n<h3>ANWENDUNGSBEREICH<\/h3>\n<p>Die im Folgenden beschriebenen Verwaltungsmethoden beziehen sich auf diese Website und die Verarbeitung der personenbezogenen Daten der Nutzer, die die Website besuchen und mit den \u00fcber die Webadresse zug\u00e4nglichen Diensten und Webseiten interagieren, wobei<br \/>\n<span style=\"color: #ff0000;\">https:\/\/www.binisrl.com<\/span><br \/>\ndie Startseite der Website ist.<br \/>\nDie Datenschutzerkl\u00e4rung bezieht sich ausschlie\u00dflich auf die oben genannte Website und ihre verschiedenen Teilbereiche und gilt nicht f\u00fcr andere Websites oder Webseiten, die nicht zu dieser Website geh\u00f6ren (einschlie\u00dflich solcher, die \u00fcber Links von der genannten Website aus zug\u00e4nglich sind).<\/p>\n<h3>RECHTE DER BETROFFENEN PERSON<\/h3>\n<p>Gem\u00e4\u00df den Bestimmungen der Artikel 15 bis 22 der EU-Datenschutz-Grundverordnung 2016\/679 haben die Personen, auf die sich die personenbezogenen Daten beziehen, das Recht:<\/p>\n<ul>\n<li>eine Best\u00e4tigung \u00fcber das Vorhandensein oder Nichtvorhandensein derselben Daten zu erhalten, den Zugang zu den sie betreffenden personenbezogenen Daten und Informationen zu verlangen, sowie die Berichtigung sie betreffender unrichtiger bzw. die Vervollst\u00e4ndigung unvollst\u00e4ndiger personenbezogener Daten zu verlangen;<\/li>\n<li>die L\u00f6schung der sie betreffenden personenbezogenen Daten zu verlangen (sofern eine der in Art. 17, Abs. 1 und 3 genannten Bedingungen zutrifft) oder die Einschr\u00e4nkung der Verarbeitung derselben zu verlangen (Art. 18);<\/li>\n<li>der Verarbeitung der sie betreffenden personenbezogenen Daten zu widersprechen sowie eine erteilte Einwilligung jederzeit zu widerrufen (beschr\u00e4nkt auf F\u00e4lle, in denen die Verarbeitung auf einer f\u00fcr einen oder mehrere bestimmte Zwecke erteilten Einwilligung beruht).<\/li>\n<li>eine Beschwerde bei der zust\u00e4ndigen Aufsichtsbeh\u00f6rde (Italienische Datenschutzbeh\u00f6rde \u2013 <a href=\"https:\/\/www.garanteprivacy.it\/\" target=\"_blank\" rel=\"noopener\">www.garanteprivacy.it<\/a>) einzureichen.<\/li>\n<\/ul>\n<p>Sie k\u00f6nnen diese Rechte aus\u00fcben, indem Sie sich \u00fcber die oben angegebenen Kontaktkan\u00e4le direkt an den Verantwortlichen wenden.[\/vc_column_text]<style>.ld_spacer_69e210333bade{height:100px;}<\/style>\n<div class=\"ld-empty-space ld_spacer_69e210333bade\"><span class=\"liquid_empty_space_inner\"><\/span><\/div>[\/vc_column][\/vc_row]<\/p>\n","protected":false},"excerpt":{"rendered":"<p>[vc_row css=&#8220;.vc_custom_1609325839791{padding-top: 10% !important;}&#8220;][vc_column][vc_column_text] VORBEMERKUNGEN BINI S.r.l misst dem Schutz der Privatsph\u00e4re der Benutzer und&#8230;<\/p>\n","protected":false},"author":1,"featured_media":0,"parent":0,"menu_order":0,"comment_status":"closed","ping_status":"open","template":"","meta":[],"yoast_head":"<!-- This site is optimized with the Yoast SEO plugin v17.3 - https:\/\/yoast.com\/wordpress\/plugins\/seo\/ -->\n<title>Datenschutzerkl\u00e4rung - Bini Officine<\/title>\n<meta name=\"robots\" content=\"noindex, follow\" \/>\n<meta property=\"og:locale\" content=\"de_DE\" \/>\n<meta property=\"og:type\" content=\"article\" \/>\n<meta property=\"og:title\" content=\"Datenschutzerkl\u00e4rung - Bini Officine\" \/>\n<meta property=\"og:description\" content=\"[vc_row css=&#8220;.vc_custom_1609325839791{padding-top: 10% !important;}&#8220;][vc_column][vc_column_text] VORBEMERKUNGEN BINI S.r.l misst dem Schutz der Privatsph\u00e4re der Benutzer und...\" \/>\n<meta property=\"og:url\" content=\"https:\/\/binisrl.com\/de\/datenschutzerklaerung\/\" \/>\n<meta property=\"og:site_name\" content=\"Bini Officine\" \/>\n<meta property=\"article:modified_time\" content=\"2021-03-26T10:56:56+00:00\" \/>\n<meta name=\"twitter:card\" content=\"summary_large_image\" \/>\n<meta name=\"twitter:label1\" content=\"Gesch\u00e4tzte Lesezeit\" \/>\n\t<meta name=\"twitter:data1\" content=\"5 Minuten\" \/>\n<script type=\"application\/ld+json\" class=\"yoast-schema-graph\">{\"@context\":\"https:\/\/schema.org\",\"@graph\":[{\"@type\":\"WebSite\",\"@id\":\"https:\/\/binisrl.com\/#website\",\"url\":\"https:\/\/binisrl.com\/\",\"name\":\"Bini Officine\",\"description\":\"Swivel Joints Since 1955\",\"potentialAction\":[{\"@type\":\"SearchAction\",\"target\":{\"@type\":\"EntryPoint\",\"urlTemplate\":\"https:\/\/binisrl.com\/?s={search_term_string}\"},\"query-input\":\"required name=search_term_string\"}],\"inLanguage\":\"de-DE\"},{\"@type\":\"WebPage\",\"@id\":\"https:\/\/binisrl.com\/de\/datenschutzerklaerung\/#webpage\",\"url\":\"https:\/\/binisrl.com\/de\/datenschutzerklaerung\/\",\"name\":\"Datenschutzerkl\\u00e4rung - Bini Officine\",\"isPartOf\":{\"@id\":\"https:\/\/binisrl.com\/#website\"},\"datePublished\":\"2020-09-14T13:12:56+00:00\",\"dateModified\":\"2021-03-26T10:56:56+00:00\",\"breadcrumb\":{\"@id\":\"https:\/\/binisrl.com\/de\/datenschutzerklaerung\/#breadcrumb\"},\"inLanguage\":\"de-DE\",\"potentialAction\":[{\"@type\":\"ReadAction\",\"target\":[\"https:\/\/binisrl.com\/de\/datenschutzerklaerung\/\"]}]},{\"@type\":\"BreadcrumbList\",\"@id\":\"https:\/\/binisrl.com\/de\/datenschutzerklaerung\/#breadcrumb\",\"itemListElement\":[{\"@type\":\"ListItem\",\"position\":1,\"name\":\"Home\",\"item\":\"https:\/\/binisrl.com\/de\/\"},{\"@type\":\"ListItem\",\"position\":2,\"name\":\"Datenschutzerkl\\u00e4rung\"}]}]}<\/script>\n<!-- \/ Yoast SEO plugin. -->","yoast_head_json":{"title":"Datenschutzerkl\u00e4rung - Bini Officine","robots":{"index":"noindex","follow":"follow"},"og_locale":"de_DE","og_type":"article","og_title":"Datenschutzerkl\u00e4rung - Bini Officine","og_description":"[vc_row css=&#8220;.vc_custom_1609325839791{padding-top: 10% !important;}&#8220;][vc_column][vc_column_text] VORBEMERKUNGEN BINI S.r.l misst dem Schutz der Privatsph\u00e4re der Benutzer und...","og_url":"https:\/\/binisrl.com\/de\/datenschutzerklaerung\/","og_site_name":"Bini Officine","article_modified_time":"2021-03-26T10:56:56+00:00","twitter_card":"summary_large_image","twitter_misc":{"Gesch\u00e4tzte Lesezeit":"5 Minuten"},"schema":{"@context":"https:\/\/schema.org","@graph":[{"@type":"WebSite","@id":"https:\/\/binisrl.com\/#website","url":"https:\/\/binisrl.com\/","name":"Bini Officine","description":"Swivel Joints Since 1955","potentialAction":[{"@type":"SearchAction","target":{"@type":"EntryPoint","urlTemplate":"https:\/\/binisrl.com\/?s={search_term_string}"},"query-input":"required name=search_term_string"}],"inLanguage":"de-DE"},{"@type":"WebPage","@id":"https:\/\/binisrl.com\/de\/datenschutzerklaerung\/#webpage","url":"https:\/\/binisrl.com\/de\/datenschutzerklaerung\/","name":"Datenschutzerkl\u00e4rung - Bini Officine","isPartOf":{"@id":"https:\/\/binisrl.com\/#website"},"datePublished":"2020-09-14T13:12:56+00:00","dateModified":"2021-03-26T10:56:56+00:00","breadcrumb":{"@id":"https:\/\/binisrl.com\/de\/datenschutzerklaerung\/#breadcrumb"},"inLanguage":"de-DE","potentialAction":[{"@type":"ReadAction","target":["https:\/\/binisrl.com\/de\/datenschutzerklaerung\/"]}]},{"@type":"BreadcrumbList","@id":"https:\/\/binisrl.com\/de\/datenschutzerklaerung\/#breadcrumb","itemListElement":[{"@type":"ListItem","position":1,"name":"Home","item":"https:\/\/binisrl.com\/de\/"},{"@type":"ListItem","position":2,"name":"Datenschutzerkl\u00e4rung"}]}]}},"_links":{"self":[{"href":"https:\/\/binisrl.com\/de\/wp-json\/wp\/v2\/pages\/2458"}],"collection":[{"href":"https:\/\/binisrl.com\/de\/wp-json\/wp\/v2\/pages"}],"about":[{"href":"https:\/\/binisrl.com\/de\/wp-json\/wp\/v2\/types\/page"}],"author":[{"embeddable":true,"href":"https:\/\/binisrl.com\/de\/wp-json\/wp\/v2\/users\/1"}],"replies":[{"embeddable":true,"href":"https:\/\/binisrl.com\/de\/wp-json\/wp\/v2\/comments?post=2458"}],"version-history":[{"count":0,"href":"https:\/\/binisrl.com\/de\/wp-json\/wp\/v2\/pages\/2458\/revisions"}],"wp:attachment":[{"href":"https:\/\/binisrl.com\/de\/wp-json\/wp\/v2\/media?parent=2458"}],"curies":[{"name":"wp","href":"https:\/\/api.w.org\/{rel}","templated":true}]}}